{"id":99,"date":"2023-04-11T18:24:38","date_gmt":"2023-04-11T16:24:38","guid":{"rendered":"https:\/\/ambasciatapraga.esteri.it\/?page_id=99"},"modified":"2023-10-31T16:21:36","modified_gmt":"2023-10-31T14:21:36","slug":"studiare-in-italia","status":"publish","type":"page","link":"https:\/\/ambsofia.esteri.it\/it\/italia-e-bulgaria\/diplomazia-culturale\/studiare-in-italia\/","title":{"rendered":"Studiare in Italia"},"content":{"rendered":"<p>L&#8217;Ambasciata d&#8217;Italia a Sofia fornisce informazioni e consulenza per l&#8217;iscrizione a Scuole e Universit\u00e0 in Italia e rilascia le necessarie dichiarazioni di valore per i titoli conseguiti presso Scuole e Universit\u00e0 della circoscrizione consolare perch\u00e9 gli interessati possano ottenere l\u2019equipollenza dei titoli di studio primari e secondari con analoghi titoli italiani, l\u2019iscrizione a scuole ed Universit\u00e0 italiane, il riconoscimento in Italia degli studi universitari e l\u2019assegnazione di borse di studio.<\/p>\n<p>Per gli studenti stranieri che intendono iscriversi ad un corso di laurea universitario o di Alta Formazione Artistica e Musicale in Italia, il Ministero dell\u2019Universit\u00e0 e della Ricerca ha predisposto\u00a0<a href=\"https:\/\/www.studiare-in-italia.it\/studentistranieri\/moduli\/2020\/Circolare_2020_2021.pdf\" target=\"_blank\" rel=\"noopener\">un Vademecum<\/a>\u00a0(anche con una versione\u00a0<a href=\"https:\/\/www.studiare-in-italia.it\/studentistranieri\/moduli\/2020\/Circolare_2020_2021_EN.pdf\" target=\"_blank\" rel=\"noopener\">in lingua inglese<\/a>), contenente tutte le informazioni utili sulle procedure per l\u2019ingresso, il soggiorno e l\u2019immatricolazione degli studenti richiedenti visto, relative ai corsi della formazione superiore in Italia, presso le istituzioni della formazione superiore valide per l\u2019anno accademico 2020-2021.<\/p>\n<p>Ulteriori informazioni sono disponibili sul sito\u00a0dell&#8217;Associazione delle Universit\u00e0 Italiane\u00a0<a href=\"http:\/\/www.uni-italia.it\/it\/attivita\" target=\"_blank\" rel=\"noopener\">UNI-Italia\u00a0<\/a>(in italiano e inglese), sul sito\u00a0<a href=\"https:\/\/www.studiare-in-italia.it\/studentistranieri\/\" target=\"_blank\" rel=\"noopener\">Studiare in Italia<\/a>\u00a0(in italiano) e sul sito di\u00a0<a href=\"https:\/\/www.universitaly.it\/\" target=\"_blank\" rel=\"noopener\">Universitaly<\/a>\u00a0(in italiano e inglese).<\/p>\n","protected":false},"excerpt":{"rendered":"L&#8217;Ambasciata d&#8217;Italia a Sofia fornisce informazioni e consulenza per l&#8217;iscrizione a Scuole e Universit\u00e0 in Italia e rilascia le necessarie dichiarazioni di valore per i titoli conseguiti presso Scuole e Universit\u00e0 della circoscrizione consolare perch\u00e9 gli interessati possano ottenere l\u2019equipollenza dei titoli di studio primari e secondari con analoghi titoli italiani, l\u2019iscrizione a scuole ed [&hellip;]","protected":false},"author":1,"featured_media":0,"parent":44,"menu_order":0,"comment_status":"closed","ping_status":"closed","template":"","meta":{"footnotes":""},"class_list":["post-99","page","type-page","status-publish","hentry"],"_links":{"self":[{"href":"https:\/\/ambsofia.esteri.it\/it\/wp-json\/wp\/v2\/pages\/99","targetHints":{"allow":["GET"]}}],"collection":[{"href":"https:\/\/ambsofia.esteri.it\/it\/wp-json\/wp\/v2\/pages"}],"about":[{"href":"https:\/\/ambsofia.esteri.it\/it\/wp-json\/wp\/v2\/types\/page"}],"author":[{"embeddable":true,"href":"https:\/\/ambsofia.esteri.it\/it\/wp-json\/wp\/v2\/users\/1"}],"replies":[{"embeddable":true,"href":"https:\/\/ambsofia.esteri.it\/it\/wp-json\/wp\/v2\/comments?post=99"}],"version-history":[{"count":3,"href":"https:\/\/ambsofia.esteri.it\/it\/wp-json\/wp\/v2\/pages\/99\/revisions"}],"predecessor-version":[{"id":898,"href":"https:\/\/ambsofia.esteri.it\/it\/wp-json\/wp\/v2\/pages\/99\/revisions\/898"}],"up":[{"embeddable":true,"href":"https:\/\/ambsofia.esteri.it\/it\/wp-json\/wp\/v2\/pages\/44"}],"wp:attachment":[{"href":"https:\/\/ambsofia.esteri.it\/it\/wp-json\/wp\/v2\/media?parent=99"}],"curies":[{"name":"wp","href":"https:\/\/api.w.org\/{rel}","templated":true}]}}