{"id":97,"date":"2023-04-11T18:24:01","date_gmt":"2023-04-11T16:24:01","guid":{"rendered":"https:\/\/ambasciatapraga.esteri.it\/?page_id=97"},"modified":"2024-04-15T10:58:05","modified_gmt":"2024-04-15T07:58:05","slug":"fare-affari-in-italia","status":"publish","type":"page","link":"https:\/\/ambsofia.esteri.it\/it\/italia-e-bulgaria\/diplomazia-economica\/fare-affari-in-italia\/","title":{"rendered":"Fare affari in Italia"},"content":{"rendered":"<p class=\"boxLevel03\">L&#8217;Italia \u00e8 una terra di straordinaria bellezza, gusto e talento, ma \u00e8 anche una delle principali economie mondiali. Con un PIL di oltre \u20ac 2 trilioni (2023) e una popolazione di oltre 60 milioni di abitanti, l&#8217;Italia \u00e8 l&#8217;ottava economia mondiale e la terza a livello europeo.<\/p>\n<p>L&#8217;Italia \u00e8 un&#8217;economia molto aperta e un luogo accogliente per gli investitori, che ha compiuto passi significativi per conquistarne la fiducia.<\/p>\n<p>L&#8217;Italia \u00e8 ora classificata all&#8217;11 \u00b0 posto a livello mondiale e al 4 \u00b0 nell&#8217;UE nel &#8220;2024 FDI Confidence Index&#8221;. Secondo FDI Intelligence del Financial Times, il numero di progetti <em>greenfield<\/em> in entrata nel 2021 \u00e8 aumentato a 236 rispetto ai 169 del 2020. Nel 2022, la tendenza favorevole \u00e8 proseguita con 241 progetti annunciati per 19,3 miliardi di dollari di investimento di capitale e creazione di 27.020 posti di lavoro.<\/p>\n<p>L\u2019Italia si posiziona come:<\/p>\n<ul>\n<li>Il 2 pi\u00f9 grande settore manifatturiero in Europa<\/li>\n<li>La 3 pi\u00f9 grande economia dell\u2019Eurozona<\/li>\n<li>Il 1 produttore farmaceutico in Europa<\/li>\n<li>Il 1 Paese in Europa per riciclo e recupero dei rifiuti<\/li>\n<\/ul>\n<p>Il Made in Italy non \u00e8 solo Moda, Cibo e Arredamento. Il settore industriale ha subito una profonda trasformazione ed \u00e8 anche composto da macchinari, prodotti farmaceutici e prodotti ad alto contenuto tecnologico. Negli ultimi anni i settori tradizionali del Made in Italy, come il tessile e l&#8217;arredamento, hanno prosperato convertendosi in segmenti ad alto valore aggiunto, mentre settori specializzati come i macchinari meccanici, i prodotti farmaceutici e l&#8217;alta tecnologia sono diventati importanti industrie nazionali.<\/p>\n<p>Le affiliate industriali estere in Italia impiegano l&#8217;11% del totale dei lavoratori, producono pi\u00f9 del 20% del fatturato interno e rappresentano il 26% delle esportazioni.<\/p>\n<p><strong>Posizione geografica<\/strong><\/p>\n<p>Le imprese in Italia hanno accesso libero a pi\u00f9 di 30 mercati nazionali all&#8217;interno dello Spazio economico europeo e ad oltre 500 milioni di consumatori. L&#8217;Italia ha dato l\u2019origine ad alcune delle principali multinazionali del mondo come ENI, Fiat Chrysler, Luxottica e Leonardo (ex Finmeccanica) e attrae anche altre grandi multinazionali, in particolare nei settori avanzati e high-tech. Situata al centro del Mediterraneo e dotata di 40 porti principali e 42 aeroporti, l&#8217;Italia rappresenta una porta d&#8217;accesso strategica per 500 milioni di consumatori in tutta l&#8217;Unione Europea e per 270 milioni nel Nord Africa e nel Medio Oriente ed \u00e8 la principale arteria di collegamento tra l&#8217;Europa meridionale e l&#8217;Europa centrale e orientale. Esiste una progressiva accelerazione del sistema di trasporto con ferrovie ad alta velocit\u00e0, autostrade senza barriere, collegamenti aeroporto-ferrovia ai nodi urbani.<\/p>\n<p><strong>Competitivit\u00e0 del Made in Italy<\/strong><\/p>\n<p>Investire in Italia significa avere accesso a competenze uniche in settori di punta, quali macchinari e robotica, design, componenti per auto, farmaceutica, moda e alimentare. Le aziende che operano in Italia possono inoltre contare su un&#8217;ampia rete di PMI e di cluster produttivi in tutto il Paese, in grado di fornire prodotti intermedi di alta qualit\u00e0.<\/p>\n<p><strong>Forza lavoro qualificata<\/strong><\/p>\n<p>La forza lavoro qualificata dell&#8217;Italia offre una performance di costo complessivamente migliore rispetto ai suoi partner europei comparabili. 24 universit\u00e0 italiane sono classificate tra le prime 500 istituzioni accademiche nel Times Higher Education World University Ranking (THE, 2022). Nel 2021 le universit\u00e0 italiane hanno laureato 98.396 studenti in discipline STEM.<\/p>\n<p><strong>R&amp;S e innovazione<\/strong><\/p>\n<p>La ricerca e l&#8217;innovazione sono ampiamente integrate nei processi industriali, con una lunga tradizione di eccellenza in molti campi della fisica e dell&#8217;ingegneria. La spesa annua in R&amp;S di oltre 20 miliardi di euro \u00e8 tra le pi\u00f9 alte al mondo in valori assoluti. \u00a0Secondo l&#8217;ultimo World Robotics Report, l&#8217;Italia \u00e8 al secondo posto in Europa e al sesto nel mondo per installazione annuale di robot industriali, circa 14.100 unit\u00e0. L&#8217;Italia \u00e8 al secondo posto in Europa per numero di imprese nel settore della microelettronica e ospita un pool dinamico di aziende leader.<\/p>\n<p><strong>Incentivi agli investimenti<\/strong><\/p>\n<p>Negli ultimi anni l&#8217;Italia ha consolidato un sistema integrato di incentivi finanziari e agevolazioni fiscali &#8211; ulteriormente potenziato dal Piano Nazionale di Ripresa e Resilienza &#8211; volto a creare il contesto migliore per gli investimenti industriali nelle catene del valore tradizionali ed emergenti, incoraggiando la R&amp;S e favorendo la crescita di imprese innovative. Gli incentivi comprendono crediti d&#8217;imposta e sussidi per gli investimenti in beni strumentali, crediti d&#8217;imposta e patent box per gli investimenti in R&amp;S e design, bonus occupazionali per i datori di lavoro che assumono specifiche categorie di persone o investono nel Sud Italia.<\/p>\n<p><strong>L&#8217;Italia \u00e8 verde<\/strong><\/p>\n<p>L&#8217;Italia \u00e8 il 3\u00b0 produttore europeo di energie rinnovabili e genera oltre il 10% dell&#8217;energia rinnovabile del continente. Oltre un terzo dell&#8217;energia elettrica prodotta in Italia proviene da fonti verdi. L&#8217;Italia \u00e8 un Paese leader nell&#8217;economia circolare e si colloca al 1\u00b0 posto tra le prime 5 economie dell&#8217;UE in termini di tasso di riciclaggio dei rifiuti. L&#8217;Italia \u00e8 al 2\u00b0 posto nell&#8217;UE27 per l&#8217;uso di materiali circolari.<\/p>\n<p><strong>L&#8217;Italia \u00e8 bella<\/strong><\/p>\n<p>L&#8217;Italia \u00e8 al primo posto per numero di siti Patrimonio dell&#8217;Umanit\u00e0 dell&#8217;UNESCO, con 58 luoghi e monumenti nella prestigiosa lista. L&#8217;industria dedicata al loro restauro e alla loro conservazione architettonica ha un&#8217;importanza culturale ed economica fondamentale. La cultura \u00e8 al centro dell&#8217;identit\u00e0 italiana e la sua storia rivive attraverso i siti culturali e le meraviglie naturali che attraggono ogni anno circa 60 milioni di turisti internazionali, rendendo l&#8217;Italia la quinta destinazione turistica al mondo.<\/p>\n<p><em>Fonte:\u00a0<\/em>ITA Agency 2024 (con integrazioni)<\/p>\n","protected":false},"excerpt":{"rendered":"L&#8217;Italia \u00e8 una terra di straordinaria bellezza, gusto e talento, ma \u00e8 anche una delle principali economie mondiali. Con un PIL di oltre \u20ac 2 trilioni (2023) e una popolazione di oltre 60 milioni di abitanti, l&#8217;Italia \u00e8 l&#8217;ottava economia mondiale e la terza a livello europeo. L&#8217;Italia \u00e8 un&#8217;economia molto aperta e un luogo [&hellip;]","protected":false},"author":1,"featured_media":0,"parent":43,"menu_order":0,"comment_status":"closed","ping_status":"closed","template":"","meta":{"footnotes":""},"class_list":["post-97","page","type-page","status-publish","hentry"],"_links":{"self":[{"href":"https:\/\/ambsofia.esteri.it\/it\/wp-json\/wp\/v2\/pages\/97","targetHints":{"allow":["GET"]}}],"collection":[{"href":"https:\/\/ambsofia.esteri.it\/it\/wp-json\/wp\/v2\/pages"}],"about":[{"href":"https:\/\/ambsofia.esteri.it\/it\/wp-json\/wp\/v2\/types\/page"}],"author":[{"embeddable":true,"href":"https:\/\/ambsofia.esteri.it\/it\/wp-json\/wp\/v2\/users\/1"}],"replies":[{"embeddable":true,"href":"https:\/\/ambsofia.esteri.it\/it\/wp-json\/wp\/v2\/comments?post=97"}],"version-history":[{"count":6,"href":"https:\/\/ambsofia.esteri.it\/it\/wp-json\/wp\/v2\/pages\/97\/revisions"}],"predecessor-version":[{"id":8163,"href":"https:\/\/ambsofia.esteri.it\/it\/wp-json\/wp\/v2\/pages\/97\/revisions\/8163"}],"up":[{"embeddable":true,"href":"https:\/\/ambsofia.esteri.it\/it\/wp-json\/wp\/v2\/pages\/43"}],"wp:attachment":[{"href":"https:\/\/ambsofia.esteri.it\/it\/wp-json\/wp\/v2\/media?parent=97"}],"curies":[{"name":"wp","href":"https:\/\/api.w.org\/{rel}","templated":true}]}}