{"id":963,"date":"2023-11-02T12:20:23","date_gmt":"2023-11-02T10:20:23","guid":{"rendered":"https:\/\/ambsofia.esteri.it\/?page_id=963"},"modified":"2023-11-02T12:39:40","modified_gmt":"2023-11-02T10:39:40","slug":"informazioni-relative-al-cognome-ed-al-nome-del-proprio-figlio","status":"publish","type":"page","link":"https:\/\/ambsofia.esteri.it\/it\/servizi-consolari-e-visti\/servizi-per-il-cittadino-italiano\/stato-civile\/informazioni-relative-al-cognome-ed-al-nome-del-proprio-figlio\/","title":{"rendered":"Informazioni relative al cognome ed al nome del proprio figlio"},"content":{"rendered":"<p><strong>COGNOME<\/strong><br \/>\nA seguito di quanto stabilito dalla Corte Costituzionale con sentenza n. 286\/2016, a partire dal 29 dicembre 2016 anche gli atti di nascita stranieri di figli di genitori entrambi esclusivamente italiani, presentati per la trascrizione in Italia, che gi\u00e0 rechino il cognome materno IN AGGIUNTA a quello paterno diventano ricevibili nell&#8217;ordinamento italiano, purch\u00e9 accompagnati da prova della comune volont\u00e0 dei genitori in tal senso. Tale espressione di volont\u00e0, se non esplicitamente riportata nell&#8217;atto di nascita straniero o in un atto disgiunto rilasciato dalle Autorit\u00e0 locali, potr\u00e0 essere espressa presso l&#8217;Ufficio consolare.<\/p>\n<p><strong>NOME<\/strong><br \/>\nAi sensi dell&#8217;art. 34 del DPR 396\/2000, \u00e8 vietato imporre al proprio figlio lo stesso nome del padre vivente, di un fratello o di una sorella viventi, un cognome come nome, nomi ridicoli o vergognosi. I nomi stranieri devono essere espressi in lettere dell&#8217;alfabeto italiano, con estensione alle lettere J, K, X, Y, W. Se il genitore intende dare al bambino un nome in violazione ai divieti stabiliti, l&#8217;ufficiale dello stato civile del Comune lo avverte del divieto e, se il dichiarante persiste nella sua determinazione, forma l&#8217;atto e ne d\u00e0 immediata notizia al Procuratore della Repubblica ai fini del promovimento del giudizio di rettificazione. Il nome imposto al bambino deve corrispondere al sesso e pu\u00f2 essere composto da uno o pi\u00f9 elementi, anche separati, e comunque non superiori a tre.<\/p>\n","protected":false},"excerpt":{"rendered":"COGNOME A seguito di quanto stabilito dalla Corte Costituzionale con sentenza n. 286\/2016, a partire dal 29 dicembre 2016 anche gli atti di nascita stranieri di figli di genitori entrambi esclusivamente italiani, presentati per la trascrizione in Italia, che gi\u00e0 rechino il cognome materno IN AGGIUNTA a quello paterno diventano ricevibili nell&#8217;ordinamento italiano, purch\u00e9 accompagnati [&hellip;]","protected":false},"author":7,"featured_media":0,"parent":68,"menu_order":1,"comment_status":"closed","ping_status":"closed","template":"","meta":{"footnotes":""},"class_list":["post-963","page","type-page","status-publish","hentry"],"_links":{"self":[{"href":"https:\/\/ambsofia.esteri.it\/it\/wp-json\/wp\/v2\/pages\/963","targetHints":{"allow":["GET"]}}],"collection":[{"href":"https:\/\/ambsofia.esteri.it\/it\/wp-json\/wp\/v2\/pages"}],"about":[{"href":"https:\/\/ambsofia.esteri.it\/it\/wp-json\/wp\/v2\/types\/page"}],"author":[{"embeddable":true,"href":"https:\/\/ambsofia.esteri.it\/it\/wp-json\/wp\/v2\/users\/7"}],"replies":[{"embeddable":true,"href":"https:\/\/ambsofia.esteri.it\/it\/wp-json\/wp\/v2\/comments?post=963"}],"version-history":[{"count":2,"href":"https:\/\/ambsofia.esteri.it\/it\/wp-json\/wp\/v2\/pages\/963\/revisions"}],"predecessor-version":[{"id":974,"href":"https:\/\/ambsofia.esteri.it\/it\/wp-json\/wp\/v2\/pages\/963\/revisions\/974"}],"up":[{"embeddable":true,"href":"https:\/\/ambsofia.esteri.it\/it\/wp-json\/wp\/v2\/pages\/68"}],"wp:attachment":[{"href":"https:\/\/ambsofia.esteri.it\/it\/wp-json\/wp\/v2\/media?parent=963"}],"curies":[{"name":"wp","href":"https:\/\/api.w.org\/{rel}","templated":true}]}}