{"id":894,"date":"2023-10-31T16:17:07","date_gmt":"2023-10-31T14:17:07","guid":{"rendered":"https:\/\/ambsofia.esteri.it\/?page_id=894"},"modified":"2023-10-31T16:17:07","modified_gmt":"2023-10-31T14:17:07","slug":"scuole","status":"publish","type":"page","link":"https:\/\/ambsofia.esteri.it\/it\/italia-e-bulgaria\/diplomazia-culturale\/studiare-in-italia\/scuole\/","title":{"rendered":"Scuole"},"content":{"rendered":"<p class=\"boxLevel03\"><strong>Le scuole in Italia<\/strong><\/p>\n<p class=\"boxLevel03\">Un elenco di\u00a0<a href=\"http:\/\/archivio.pubblica.istruzione.it\/anagrafica_scuole\/statali.shtml\">Scuole Elementari, Medie e dei Licei Italiani statali<\/a>\u00a0\u00e8 consultabile nel sito ufficiale del MIUR.<\/p>\n<p class=\"boxLevel03\">Un elenco di\u00a0<a href=\"http:\/\/archivio.pubblica.istruzione.it\/anagrafica_scuole\/non_statali.shtml\">Scuole Elementari, Scuole Medie e dei Licei Italiani non statali<\/a>\u00a0\u00e8 consultabile nel sito ufficiale del MIUR.<\/p>\n<p class=\"boxLevel03\">\n<p class=\"boxLevel03\"><strong>Scuole in Bulgaria con insegnamento della lingua italiana<\/strong><\/p>\n<p class=\"boxLevel03\">In Bulgaria si studia Italiano nelle seguenti scuole con sezioni bilingui:<\/p>\n<p>1. Complesso Nazionale di Cultura di\u00a0<a href=\"http:\/\/www.nukk.org\/\">Gorna Banja \u2013 NUKK<\/a>. E\u2019 possibile studiare Italiano dalla Scuola Materna fino alla Scuola superiore di II grado. Sono attivi due indirizzi: Linguistico e Scientifico. La lingua italiana \u00e8 lingua veicolare di altre discipline, come la matematica e la storia, la geografia e la Storia dell\u2019arte.<\/p>\n<p>2.\u00a0<a href=\"http:\/\/105sou.eu\/\">Istituto comprensivo \u201cA. Dalchev\u201d<\/a>&#8211; Sofia. Lo studio della lingua italiana \u00e8 previsto sia nel primo che nel secondo ciclo.<\/p>\n<p>3.\u00a0<a href=\"https:\/\/www.egiv.net\/\">Liceo linguistico \u201cI. Vasov\u201d<\/a>\u00a0\u2013 Plovdiv. Si studia Italiano dalla settima classe fino alla dodicesima.<\/p>\n<p>4.\u00a0<a href=\"http:\/\/gre-rakovski.com\/\">Liceo \u201cG. Rakovski\u201d<\/a>\u00a0\u2013 Burgas. E\u2019 previsto lo studio intensivo della lingua italiana dalla settima alla dodicesima classe.<\/p>\n<p>5.\u00a0<a href=\"http:\/\/www.8souvarna.com\/\">Liceo \u201cA. Pushkin\u201d<\/a>\u00a0\u2013 Varna. Si insegna italiano dalla settima alla dodicesima classe.<\/p>\n<p>Nei suddetti Licei la lingua italiana \u00e8 studiata come prima lingua straniera con elementi di Letteratura e Storia.<\/p>\n<p>Le sezioni bilingui rilasciano un diploma di maturit\u00e0 equipollente a quello rilasciato in Italia secondo l\u2019Accordo bilaterale del 30.10.2006. La validit\u00e0 del titolo in Italia \u00e8 limitata all&#8217;accesso all&#8217;Universit\u00e0. Al Liceo di Gorna Banja l\u2019esame di lingua italiana \u00e8 obbligatorio (Accordo bilaterale del 26.06.1996) mentre negli altri licei \u00e8 facoltativo.<\/p>\n<p>Per quanto riguarda le scuole statali e private (riconosciute dal Ministero dell\u2019Istruzione e della Scienza ) la lingua italiana \u00e8 studiata come seconda lingua straniera dalla Scuola media a quella superiore di II grado. Da segnalare la diffusione anche in Istituti per il Turismo, a Sofia e Pleven, e in Istituti professionali per moda e design, per l\u2019edilizia e l\u2019economia.<\/p>\n","protected":false},"excerpt":{"rendered":"Le scuole in Italia Un elenco di\u00a0Scuole Elementari, Medie e dei Licei Italiani statali\u00a0\u00e8 consultabile nel sito ufficiale del MIUR. Un elenco di\u00a0Scuole Elementari, Scuole Medie e dei Licei Italiani non statali\u00a0\u00e8 consultabile nel sito ufficiale del MIUR. Scuole in Bulgaria con insegnamento della lingua italiana In Bulgaria si studia Italiano nelle seguenti scuole con [&hellip;]","protected":false},"author":7,"featured_media":0,"parent":99,"menu_order":0,"comment_status":"closed","ping_status":"closed","template":"","meta":{"footnotes":""},"class_list":["post-894","page","type-page","status-publish","hentry"],"_links":{"self":[{"href":"https:\/\/ambsofia.esteri.it\/it\/wp-json\/wp\/v2\/pages\/894","targetHints":{"allow":["GET"]}}],"collection":[{"href":"https:\/\/ambsofia.esteri.it\/it\/wp-json\/wp\/v2\/pages"}],"about":[{"href":"https:\/\/ambsofia.esteri.it\/it\/wp-json\/wp\/v2\/types\/page"}],"author":[{"embeddable":true,"href":"https:\/\/ambsofia.esteri.it\/it\/wp-json\/wp\/v2\/users\/7"}],"replies":[{"embeddable":true,"href":"https:\/\/ambsofia.esteri.it\/it\/wp-json\/wp\/v2\/comments?post=894"}],"version-history":[{"count":1,"href":"https:\/\/ambsofia.esteri.it\/it\/wp-json\/wp\/v2\/pages\/894\/revisions"}],"predecessor-version":[{"id":895,"href":"https:\/\/ambsofia.esteri.it\/it\/wp-json\/wp\/v2\/pages\/894\/revisions\/895"}],"up":[{"embeddable":true,"href":"https:\/\/ambsofia.esteri.it\/it\/wp-json\/wp\/v2\/pages\/99"}],"wp:attachment":[{"href":"https:\/\/ambsofia.esteri.it\/it\/wp-json\/wp\/v2\/media?parent=894"}],"curies":[{"name":"wp","href":"https:\/\/api.w.org\/{rel}","templated":true}]}}