{"id":6867,"date":"2023-12-06T15:13:49","date_gmt":"2023-12-06T13:13:49","guid":{"rendered":"https:\/\/ambsofia.esteri.it\/?page_id=6867"},"modified":"2025-11-12T14:42:11","modified_gmt":"2025-11-12T12:42:11","slug":"domande-frequenti","status":"publish","type":"page","link":"https:\/\/ambsofia.esteri.it\/it\/servizi-consolari-e-visti\/servizi-per-il-cittadino-italiano\/domande-frequenti\/","title":{"rendered":"Domande frequenti"},"content":{"rendered":"<p><strong>1.\u00a0SERVIZI CANCELLERIA CONSOLARE<\/strong><\/p>\n<p><strong><em>1.1 Quali sono i servizi e gli atti che la Cancelleria Consolare pu\u00f2 fornire ai connazionali residenti in Bulgaria?<br \/>\n<\/em><\/strong>Per un quadro dettagliato\u00a0sui principali atti e servizi consolari e le modalit\u00e0 per il loro ottenimento si rimanda alla sezione\u00a0<a title=\"Link alla pagina Servizi Consolari\" href=\"https:\/\/ambsofia.esteri.it\/it\/servizi-consolari-e-visti\/\" target=\"_self\" rel=\"noopener\">Servizi consolari<\/a>\u00a0del presente sito.<br \/>\nE\u2019 possibile consultare gli orari di apertura degli Uffici dell&#8217;Ambasciata e dei relativi numeri telefonici nella pagina &#8220;<a href=\"https:\/\/ambsofia.esteri.it\/it\/chi-siamo\/gli-uffici\/\">Gli Uffici<\/a>&#8221; del presente sito.<\/p>\n<p><strong>2.\u00a0TURISMO O SOGGIORNO TEMPORANEO (ENTRO 90 GIORNI)<\/strong><\/p>\n<p><strong><em>2.1 Quale documento di identit\u00e0 \u00e8 necessario per l\u2019ingresso in Bulgaria? Quali formalit\u00e0 vanno espletate?<\/em><\/strong><\/p>\n<p>I cittadini dei Paesi membri dell&#8217;Unione Europea, dei Paesi dello Spazio Economico Europeo nonch\u00e9 della Confederazione Elvetica, possono transitare e permanere in Bulgaria fino ad un massimo di 90 giorni all&#8217;interno di un semestre, con la sola Carta d&#8217;Identit\u00e0 valida per l&#8217;espatrio o con il passaporto in corso di validit\u00e0.<\/p>\n<p><em><strong>2.2 Dove si possono ottenere informazioni utili e reperire eventuale materiale turistico riguardante la Bulgaria?<\/strong><\/em><\/p>\n<p>Oltre alle varie guide turistiche normalmente in commercio \u00e8 possibile consultare il sito ufficiale per il turismo in Bulgaria:\u00a0<a href=\"http:\/\/www.bulgariatravel.org\/\">www.bulgariatravel.org<\/a><\/p>\n<p><strong><em>2.3 Come si deve comportare un cittadino italiano in caso di furto o smarrimento di documenti durante un soggiorno in Bulgaria? Quale documentazione pu\u00f2 rilasciare l\u2019Ambasciata per consentirne il rimpatrio?<\/em><\/strong><\/p>\n<p>In caso di furto o smarrimento di documenti di identit\u00e0, questa Ambasciata pu\u00f2 rilasciare<strong>\u00a0un documento di viaggio di emergenza (ETD &#8211; Emergency Travel Document)<\/strong>\u00a0valido esclusivamente per il rientro in Italia o nel Paese di residenza. Per ottenerlo occorre prendere contatto con\u00a0<a href=\"https:\/\/ambsofia.esteri.it\/it\/chi-siamo\/gli-uffici\/\" target=\"_self\" rel=\"noopener\">l\u2019ufficio consolare dell\u2019Ambasciata d\u2019Italia a Sofia<\/a>. Nel fine settimana e nei giorni festivi sar\u00e0 possibile rilasciare gli ETD solo in casi di comprovata emergenza (incidenti, arresti, gravi problemi medici, calamit\u00e0 naturali, serie situazioni familiari). Per il rilascio di ETD \u00e8 necessario presentare: copia del documento di identit\u00e0 che si \u00e8 smarrito o di altro documento utile ai fini dell\u2019identificazione; 2 foto formato tessera, recenti; copia di eventuale denuncia furto\/smarrimento presentata presso le autorit\u00e0 di polizia bulgare e compilare\u00a0<a href=\"https:\/\/ambsofia.esteri.it\/wp-content\/uploads\/2023\/10\/06_denuncia_smarrimento_furto_del_passaporto_carta_identit-2.pdf\" target=\"_blank\" rel=\"noopener\">modello di denuncia<\/a>; copia del biglietto di viaggio\/prenotazione;\u00a0<a href=\"https:\/\/ambsofia.esteri.it\/wp-content\/uploads\/2023\/10\/domanda_di_rilascio_etd.pdf\" target=\"_blank\" rel=\"noopener\">modulo di richiesta rilascio ETD<\/a>; il costo dei relativi diritti consolari \u00e8 di 3,05 lev da pagarsi solo in lev e solo in contanti.<\/p>\n<p><strong><em>2.4 In caso di un\u2019imprevista indisponibilit\u00e0 di denaro da parte di un cittadino italiano che si trova in territorio bulgaro \u00e8 possibile effettuare un trasferimento rapido dall\u2019Italia a suo favore?<\/em><\/strong><\/p>\n<p>E&#8217; possibile, ad esempio, contattare un parente o un conoscente che possa inviare denaro. La persona chiamata potr\u00e0 a sua volta recarsi, per concordare le modalit\u00e0 di trasferimento e di consegna al destinatario della somma richiesta dal connazionale in stato di bisogno all&#8217;estero, presso uno sportello della Western Union Money Transfer o del gruppo bancario Unicredito Italiano, del quale fa parte la Bulbank, principale istituto bancario bulgaro dotato di un&#8217;estesa rete di sportelli sul territorio. La persona che ritira il denaro inviato dall&#8217;Italia dovr\u00e0 compilare un modulo indicando i seguenti dati, oltre ai propri:<\/p>\n<ul>\n<li>cognome e nome della persona che effettua l&#8217;invio;<\/li>\n<li>importo inviato;<\/li>\n<li>il codice fornito dal mittente.<\/li>\n<\/ul>\n<p>Andr\u00e0 altres\u00ec esibito un documento valido di riconoscimento. Nel caso in cui la persona che ritira i soldi sia sprovvista di documenti d&#8217;identit\u00e0, occorre presentare il verbale di denuncia reso alla Polizia.<\/p>\n<p><strong><em>2.5 Vi sono situazioni di particolare rischio od insidia da cui doversi guardare durante un soggiorno turistico in Bulgaria?<\/em><\/strong><\/p>\n<p>Per un quadro particolareggiato delle condizioni del Paese e le principali norme prudenziali da seguire, si rimanda al sito\u00a0<a title=\"Link al sito Viaggiare sicuri pagina Bulgaria\" href=\"http:\/\/www.viaggiaresicuri.it\/index.php?bulgaria\">Viaggiare Sicuri<\/a>\u00a0che offre anche utili informazioni per gli automobilisti.\u00a0 Ci\u00f2 premesso, si ritiene utile tuttavia richiamare l&#8217;attenzione su alcune tipologie di rischio: ad esempio, rapine ai danni di turisti stranieri lungo le bretelle autostradali ad opera di bande di malviventi, che inducono gli automobilisti alla sosta, segnalando loro inesistenti guasti alla macchina (tra i casi pi\u00f9 tipici, fiamme dallo scappamento) o simulando pattuglie di Polizia; oppure, il furto, pi\u00f9 frequente in alberghi, ristoranti ed altri pubblici esercizi di borse, apparecchi fotografici e altri oggetti lasciati incustoditi.<\/p>\n<p>Si suggerisce inoltre di consultare la sezione\u00a0<strong>Viaggiare<\/strong>\u00a0del sito\u00a0<strong><a href=\"http:\/\/europa.eu\/youreurope\/citizens\/travel\/index_it.htm\">La tua Europa &#8211;&gt;<\/a><\/strong><\/p>\n<p><em><strong>2.6 Quali sono le norme che devono seguire coloro che intendono recarsi a caccia in Bulgaria?<\/strong><\/em><\/p>\n<p>Oltre alle formalit\u00e0 correlate all\u2019esportazione delle attrezzature di caccia (si ricorda in proposito che la carta europea d\u2019armi da caccia abilita il titolare a movimentare le armi in essa iscritte senza altra autorizzazione solo nell\u2019ambito degli Stati membri dell\u2019Unione Europea), si consiglia a chi intenda recarsi in Bulgaria per esercitare la disciplina venatoria di acquisire presso le competenti Autorit\u00e0 bulgare o le agenzie specializzate, preventivamente allo svolgimento delle attivit\u00e0 di caccia, ogni opportuna informazione sulla legislazione venatoria vigente nel Paese. In particolar modo si raccomanda di informarsi sulle specie animali protette per le quali vige divieto assoluto di caccia. L\u2019uccisione e la detenzione di esemplari tutelati \u00e8 considerata reato contro il patrimonio ambientale e pu\u00f2 comportare &#8211; oltre a pesanti sanzioni amministrative &#8211; anche l\u2019arresto dei responsabili.<\/p>\n<p><strong><em>2.7 E&#8217; obbligatoria l&#8217;assicurazione sanitaria per chi si reca in Bulgaria?<\/em><\/strong><\/p>\n<p>A seguito dell\u2019adesione della Repubblica di Bulgaria alla Unione Europea,\u00a0i cittadini italiani che si recano temporaneamente (per studio, turismo, affari o lavoro) in Bulgaria\u00a0 possono ricevere le cure mediche necessarie previste dall&#8217;assistenza sanitaria pubblica locale se dispongono della Tessera Europea di Assicurazione Malattia (TEAM), o Tessera Sanitaria. La TEAM sostituisce i precedenti modelli E110, E111, E119 ed E128 ed \u00e8 in distribuzione da parte del Ministero dell&#8217;Economia e delle Finanze. Coloro che non l&#8217;avessero ancora ricevuta possono rivolgersi alla propria ASL e richiedere il &#8220;Certificato sostitutivo provvisorio&#8221;.<\/p>\n<p>Per maggiori informazioni al riguardo si consiglia di consultare la propria ASL o il sito del Ministero della Salute:\u00a0<a href=\"http:\/\/www.salute.gov.it\/\">http:\/\/www.salute.gov.it\/<\/a>\u00a0(Aree tematiche &#8220;salute e cittadino&#8221;; assistenza italiani all&#8217;estero e stranieri in Italia).<\/p>\n<p>Si\u00a0 consiglia comunque di stipulare, prima di intraprendere il viaggio, un&#8217;assicurazione sanitaria che preveda, oltre alla copertura delle spese sanitarie, anche l&#8217;eventuale rimpatrio aereo sanitario o il trasferimento in altro Paese.<\/p>\n<p><strong>3.\u00a0SOGGIORNO A LUNGO TERMINE (OLTRE 3 MESI). TRASFERIMENTO DELLA RESIDENZA.<\/strong><\/p>\n<p><strong><em>3.1 Come\u00a0faccio a\u00a0trasferire la mia residenza in Bulgaria?<\/em><\/strong><\/p>\n<p>Qualora si desideri soggiornare per un periodo superiore ai tre mesi\u00a0 per motivi di studio o lavoro occorrer\u00e0 registrarsi presso le Autorit\u00e0 di Polizia \u2013 Settore Migrazione (ODVR &#8211; Sektor Migratzia \u041e\u0414\u0412\u0420 \u2013 \u0421\u0435\u043a\u0442\u043e\u0440 \u041c\u0438\u0433\u0440\u0430\u0446\u0438\u044f) del capoluogo della regione (Oblast) dove ci si \u00e8 trasferiti. Il settore Migrazione rilascer\u00e0 un certificato di residenza per cittadini UE (sotto forma di tessera) che corrisponde al\u00a0 nostro permesso di soggiorno.<br \/>\nIl primo certificato di residenza (c.d. a lungo termine) viene rilasciato per un periodo di 5 anni. Alla scadenza dei primi 5 anni potr\u00e0 essere rilasciato il certificato di residenza permanente.<br \/>\nLa documentazione da presentare per richiedere il certificato di residenza \u00e8 la seguente:<\/p>\n<ol>\n<li style=\"list-style-type: none;\">\n<ol>\n<li>Documento di riconoscimento italiano in corso di validit\u00e0 (passaporto o carta di identit\u00e0);<\/li>\n<li>Autocertificazione per l\u2019indirizzo di residenza in Bulgaria o documento comprovante il luogo di abitazione (ad es. contratto di affitto o atto notarile di acquisto immobile);<\/li>\n<li>Documento comprovante i mezzi di sostentamento (ad es. estratto conto bancario, carta di credito, copia del contratto di lavoro):\n<ul>\n<li>Per i\u00a0pensionati \u00e8 sufficiente\u00a0produrre un certificato di pensione rilasciato dall\u2019INPS tradotto in lingua bulgara. Il servizio di traduzione di documenti stranieri in Bulgaria viene svolto da Agenzie per le traduzioni autorizzate dal Ministero degli Affari Esteri Bulgaro. Una lista di riferimento, non esaustiva, in lingua italiana potr\u00e0 essere reperita sulla pagina web di quest\u2019Ambasciata &#8220;<a title=\"Link alla pagina Info Utili\" href=\"https:\/\/ambsofia.esteri.it\/it\/servizi-consolari-e-visti\/servizi-per-il-cittadino-italiano\/elenchi-di-professionisti\/\">Info Utili<\/a>&#8220;;<\/li>\n<li>Per gli studenti universitari \u00e8 sufficiente\u00a0presentare un certificato di iscrizione all\u2019Universit\u00e0;<\/li>\n<\/ul>\n<\/li>\n<li>Ricevuta di pagamento della tassa statale per il rilascio del certificato di residenza per cittadini UE (Taksa za izdavane na udostoverenie za prebivavane v Bulgaria &#8211; \u0422\u0430\u043a\u0441\u0430 \u0437\u0430 \u0438\u0437\u0434\u0430\u0432\u0430\u043d\u0435 \u043d\u0430 \u0443\u0434\u043e\u0441\u0442\u043e\u0432\u0435\u0440\u0435\u043d\u0438\u0435 \u0437\u0430 \u043f\u0440\u0435\u0431\u0438\u0432\u0430\u0432\u0430\u043d\u0435 \u0432 \u0420\u0435\u043f\u0443\u0431\u043b\u0438\u043a\u0430 \u0411\u044a\u043b\u0433\u0430\u0440\u0438\u044f). Essa ammonta a 18,00 leva (9.00 euro circa) per il servizio ordinario o 36,00 leva (18.00 euro circa) per il\u00a0 servizio urgente. Il pagamento viene effettuato presso un apposito Sportello del Settore Migrazione della Polizia.<\/li>\n<\/ol>\n<\/li>\n<\/ol>\n<p><strong><em>3.2 Come ci si iscrive all&#8217;AIRE?<\/em><\/strong><\/p>\n<p>Il cittadino italiano che intenda trasferirsi in Bulgaria per un periodo superiore ad un anno ha l\u2019obbligo di iscriversi all\u2019<a href=\"https:\/\/ambsofia.esteri.it\/it\/servizi-consolari-e-visti\/servizi-per-il-cittadino-italiano\/anagrafe-italiani-residenti-allestero-a-i-r-e\/\" target=\"_self\" rel=\"noopener\">Anagrafe degli Italiani Residenti all\u2019Estero (AIRE)<\/a>.<br \/>\n<strong><br \/>\n<\/strong><br \/>\n<strong><em>3.3 Posso usufruire dei servizi sanitari in Bulgaria?<\/em><\/strong><\/p>\n<p>L\u2019iscrizione all\u2019AIRE comporta la cancellazione automatica dal Servizio Sanitario italiano. Tuttavia, per usufruire dei servizi sanitari in Bulgaria occorre iscriversi al sistema sanitario bulgaro presentando alla competente Sede distaccata della locale Cassa Nazionale di Assicurazione Sanitaria (NZOK \u2013 Nazionalna Zdravnoosiguritelna Kasa; \u041d\u0417\u041e\u041a &#8211; \u041d\u0430\u0446\u0438\u043e\u043d\u0430\u043b\u043d\u0430 \u0417\u0434\u0440\u0430\u0432\u043d\u043e\u043e\u0441\u0438\u0433\u0443\u0440\u0438\u0442\u0435\u043b\u043d\u0430 \u041a\u0430\u0441\u0430 ) apposito modulo attestante il diritto all\u2019assistenza sanitaria.<br \/>\nLa tipologia del modulo viene individuata dalla stessa ASL a seconda della categoria del richiedente. Per maggiori informazioni \u00e8 possibile consultare la\u00a0<a href=\"http:\/\/www.salute.gov.it\/portale\/temi\/p2_4.jsp?lingua=italiano&amp;tema=Assistenza,%20ospedale%20e%20territorio&amp;area=Assistenza%20sanitaria\">pagina<\/a>\u00a0del Ministero della Salute italiano.<br \/>\nGli indirizzi degli Uffici Rionali della Cassa Nazionale di Assicurazione Sanitaria bulgara possono essere reperiti nella seguente pagina web:\u00a0<a href=\"http:\/\/www.nhif.bg\/web\/guest\/contacts\">http:\/\/www.nhif.bg\/web\/guest\/contacts<\/a><br \/>\nSuccessivamente alla registrazione, i connazionali possono scegliere il loro medico di famiglia tra i medici generici che hanno stipulato un contratto con la Cassa Nazionale Assicurazione Sanitaria. La scelta del medico di famiglia viene effettuata compilando un formulario ad hoc che viene consegnato ai cittadini UE dalla Cassa Rionale di Assicurazione Sanitaria di competenza al momento della loro registrazione. Lo\u00a0 stesso formulario \u00e8 scaricabile anche dalla pagina web della Cassa Nazionale di Assicurazione Sanitaria:\u00a0<a href=\"http:\/\/www.nhif.bg\/c\/document_library\/get_file?uuid=158538dc-c7a7-4063-9156-07b468e4ec35&amp;filename=First%20izbor_GP_7.02.2012.pdf&amp;groupId=10139\">http:\/\/www.nhif.bg\/c\/document_library\/get_file?uuid=158538dc-c7a7-4063-9156-07b468e4ec35&amp;filename=First%20izbor_GP_7.02.2012.pdf&amp;groupId=10139<\/a><br \/>\nIn caso di rientro temporaneo in Italia i cittadini italiani residenti in Bulgaria ed iscritti all\u2019AIRE, che godono dell\u2019assicurazione sanitaria in loco attraverso l\u2019iscrizione alla Cassa Nazionale di Assicurazione Sanitaria, possono utilizzare la Tessera Europea Assistenza Malattia (TEAM), che garantisce tutte le prestazioni sanitarie in forma diretta.<br \/>\nLa TEAM viene rilasciata nel Paese di residenza. In Bulgaria la Cassa Nazionale di Assicurazione Sanitaria ha incaricato la Banca DSK (Darzhavna Spestovna Kasa &#8211; \u0414\u044a\u0440\u0436\u0430\u0432\u043d\u0430 \u0441\u043f\u0435\u0441\u0442\u043e\u0432\u043d\u0430 \u043a\u0430\u0441\u0430) del rilascio della tessera. Il modulo di richiesta pu\u00f2 essere presentato dagli interessati di persona o tramite terzi (con delega inclusa nel modulo) presso gli uffici della predetta Banca.<br \/>\nI contatti e gli indirizzi degli Uffici della DSK sono reperibili alla seguente pagina:\u00a0<a href=\"http:\/\/www.nhif.bg\/web\/guest\/227\">http:\/\/www.nhif.bg\/web\/guest\/227<\/a>\u00a0cliccando sul link \u201c<strong>\u0421\u043f\u0438\u0441\u044a\u043a \u043d\u0430 \u043f\u0443\u043d\u043a\u0442\u043e\u0432\u0435\u0442\u0435 \u0437\u0430 \u0438\u0437\u0434\u0430\u0432\u0430\u043d\u0435 \u043d\u0430 \u0415\u0417\u041e\u041a<\/strong>\u201d. Il termine di rilascio della TEAM \u00e8 di 20 giorni lavorativi dalla data di presentazione della domanda.<\/p>\n<p><strong><em>3.4 Se mi trovo in Bulgaria e non ho ancora l\u2019assistenza sanitaria bulgara?<\/em><\/strong><\/p>\n<p>\u00c8 sufficiente essere muniti della Tessera Europea Assistenza Medica (TEAM), rilasciata dalla propria ASL di residenza, che garantisce tutte le forme di assistenza sanitaria in forma diretta all\u2019interno dell\u2019UE.<br \/>\nAi cittadini italiani iscritti all\u2019AIRE che abbiano lo status di\u00a0<strong>emigrato<\/strong>\u00a0ed ai\u00a0<strong>titolari di pensione corrisposta da Enti Previdenziali italiani<\/strong>, anche non registrati alla locale Cassa Nazionale di Assicurazione Sanitaria, e anche in assenza di copertura assicurativa privata, \u00e8 comunque riconosciuta una forma di assistenza sanitaria gratuita limitata alle prestazioni ospedaliere\u00a0<strong>urgenti<\/strong>\u00a0per un\u00a0<strong>periodo massimo di 90 giorni per ogni anno solare<\/strong>. In questo caso non possono essere tuttavia erogate cure programmate.<\/p>\n<p><em><strong>3.5 Lavoratori italiani all&#8217;estero:\u00a0come evitare la doppia tassazione e usufruire del credito d\u2019imposta<\/strong><\/em><\/p>\n<p>Consulta la guida redatta dall&#8217;Agenzia delle Entrate per i lavoratori italiani all&#8217;estero\u00a0<a href=\"https:\/\/ambsofia.esteri.it\/wp-content\/uploads\/2023\/10\/domanda_di_rilascio_etd.pdf\">cliccando qui -&gt;<\/a><\/p>\n<p><em><strong>3.6 A chi posso rivolgermi per avere informazioni per avere la pensione italiana in Bulgaria?<\/strong><\/em><\/p>\n<p>I titolari di pensione italiana, sia pubblica che privata, che trasferiscono la propria residenza in Bulgaria e si iscrivono all\u2019<a href=\"https:\/\/ambsofia.esteri.it\/it\/servizi-consolari-e-visti\/servizi-per-il-cittadino-italiano\/anagrafe-italiani-residenti-allestero-a-i-r-e\/\" target=\"_self\" rel=\"noopener\">A.I.R.E. (Anagrafe degli Italiani Residenti all\u2019Estero)<\/a>\u00a0possono decidere se riscuotere la pensione direttamente in Bulgaria oppure mantenerla in Italia.<br \/>\nSe si decide di riscuotere la pensione in Bulgaria \u00e8 necessario provvedere all\u2019apertura di un conto corrente presso una banca bulgara e rivolgersi all\u2019<a href=\"https:\/\/www.inps.it\/\" target=\"_blank\" rel=\"noopener\">Istituto Nazionale di Previdenza Sociale (INPS)<\/a>\u00a0per dichiarare tale decisione attraverso l\u2019apposito modulo scaricabile dal Sito Ufficiale dell\u2019Ente.<\/p>\n<p><strong>Il servizio di pagamento delle pensioni per i beneficiari residenti all\u2019estero \u00e8 svolto dalla Citibank. Essa ha il compito di verificare annualmente l\u2019esistenza in vita e l\u2019indirizzo di effettiva residenza. Al riguardo Citibank invia al pensionato, presso l\u2019indirizzo di residenza, un \u201cModulo di Certificazione di Esistenza in Vita\u201d. Il modulo va firmato in presenza di un Testimone Accettabile (es. Consolato Italiano\/Ambasciata; Pubblico Ufficiale nel Paese di residenza autorizzato a convalidare un Certificato di Esistenza in Vita) che ne attesti l\u2019autenticit\u00e0. Dopo l\u2019autenticazione il modulo va restituito alla Citibank. Ulteriori informazioni possono essere reperite al seguente link:\u00a0<\/strong><a href=\"http:\/\/www.citibank.com\/transactionservices\/home\/sa\/a3\/inps\/index.jsp\"><strong>http:\/\/www.citibank.com\/transactionservices\/home\/sa\/a3\/inps\/index.jsp<\/strong><\/a><strong><br \/>\n<\/strong><br \/>\nQualora i pensionati residenti in Bulgaria necessitino di assistenza fiscale riguardo al proprio trattamento pensionistico potranno rivolgersi al:<\/p>\n<p><span style=\"text-decoration: underline;\">Patronato dell\u2019Ente Nazionale di Assistenza Sociale ai Cittadini (ENASC)<\/span><\/p>\n<p>ENASC Zonale Pazardzhik<br \/>\nMarco Rodigari<br \/>\nBul. Georgi Benkovski n. 71<br \/>\nPazardzhik 4400<br \/>\nOrario di apertura al pubblico: dal luned\u00ec al venerd\u00ec dalle ore 9.00 alle ore 13.00<br \/>\ne-mail: marco.rodigari@enasc.it<br \/>\nPEC: enascbulgaria@legalmail.it<br \/>\ntel.: 00359 897779800<\/p>\n<p><span style=\"text-decoration: underline;\">Patronato &#8211; Istituto per la Tutela e l&#8217;Assistenza Sociale dei Cittadini in Europa e nel Mondo, Sede zonale di Sofia\u00a0<\/span><\/p>\n<p>Evdokiya Zlatarova<br \/>\nul. Antim I n. 14, et. 3<br \/>\nSofia 1303<br \/>\nOrario di apertura al pubblico: dal luned\u00ec al venerd\u00ec dalle ore 09:00 alle ore 13:00<br \/>\ne-mail: bulgaria@tutelaprevidenziale.it<br \/>\nPEC: bulgaria@tutelapec.it<\/p>\n<p>Per qualsiasi ulteriore informazione sulle pensioni pagate all\u2019estero, \u00e8 possibile contattare il servizio clienti di Citi Bank nei seguenti modi:<\/p>\n<ol>\n<li>visitando la pagina web\u00a0<a href=\"http:\/\/www.inps.citi.com\/\">www.inps.citi.com<\/a>;<\/li>\n<li>via e-mail utilizzando l&#8217;indirizzo\u00a0<a href=\"mailto:inps.pensionati@citi.com\">inps.pensionati@citi.com<\/a>;<\/li>\n<li>telefonando al numero verde pertinente per la Bulgaria, consultabile sulla seguente pagina\u00a0<a href=\"http:\/\/www.citibank.com\/transactionservices\/home\/sa\/a3\/inps\/index.jsp\">http:\/\/www.citibank.com\/transactionservices\/home\/sa\/a3\/inps\/index.jsp<\/a><\/li>\n<\/ol>\n<p>Si segnala, inoltre, che tra la Bulgaria e l\u2019Italia \u00e8 in vigore la Convenzione contro le doppie imposizioni (ratificata con L.389 il 29.11.1990 consultabile nella pagina di ricerca del sito\u00a0<a href=\"http:\/\/www.normattiva.it\/ricerca\/semplice\">http:\/\/www.normattiva.it\/ricerca\/semplice<\/a>\u00a0), in base alla quale viene stabilito il regime di imponibilit\u00e0 fiscale dei trattamenti pensionistici di natura pubblica e privata.<\/p>\n","protected":false},"excerpt":{"rendered":"1.\u00a0SERVIZI CANCELLERIA CONSOLARE 1.1 Quali sono i servizi e gli atti che la Cancelleria Consolare pu\u00f2 fornire ai connazionali residenti in Bulgaria? Per un quadro dettagliato\u00a0sui principali atti e servizi consolari e le modalit\u00e0 per il loro ottenimento si rimanda alla sezione\u00a0Servizi consolari\u00a0del presente sito. E\u2019 possibile consultare gli orari di apertura degli Uffici dell&#8217;Ambasciata [&hellip;]","protected":false},"author":7,"featured_media":0,"parent":47,"menu_order":40,"comment_status":"closed","ping_status":"closed","template":"","meta":{"footnotes":""},"class_list":["post-6867","page","type-page","status-publish","hentry"],"_links":{"self":[{"href":"https:\/\/ambsofia.esteri.it\/it\/wp-json\/wp\/v2\/pages\/6867","targetHints":{"allow":["GET"]}}],"collection":[{"href":"https:\/\/ambsofia.esteri.it\/it\/wp-json\/wp\/v2\/pages"}],"about":[{"href":"https:\/\/ambsofia.esteri.it\/it\/wp-json\/wp\/v2\/types\/page"}],"author":[{"embeddable":true,"href":"https:\/\/ambsofia.esteri.it\/it\/wp-json\/wp\/v2\/users\/7"}],"replies":[{"embeddable":true,"href":"https:\/\/ambsofia.esteri.it\/it\/wp-json\/wp\/v2\/comments?post=6867"}],"version-history":[{"count":6,"href":"https:\/\/ambsofia.esteri.it\/it\/wp-json\/wp\/v2\/pages\/6867\/revisions"}],"predecessor-version":[{"id":12262,"href":"https:\/\/ambsofia.esteri.it\/it\/wp-json\/wp\/v2\/pages\/6867\/revisions\/12262"}],"up":[{"embeddable":true,"href":"https:\/\/ambsofia.esteri.it\/it\/wp-json\/wp\/v2\/pages\/47"}],"wp:attachment":[{"href":"https:\/\/ambsofia.esteri.it\/it\/wp-json\/wp\/v2\/media?parent=6867"}],"curies":[{"name":"wp","href":"https:\/\/api.w.org\/{rel}","templated":true}]}}