{"id":67,"date":"2023-04-11T18:17:44","date_gmt":"2023-04-11T16:17:44","guid":{"rendered":"https:\/\/ambasciatapraga.esteri.it\/?page_id=67"},"modified":"2026-01-12T11:17:22","modified_gmt":"2026-01-12T09:17:22","slug":"emergency-travel-documents-etd","status":"publish","type":"page","link":"https:\/\/ambsofia.esteri.it\/it\/servizi-consolari-e-visti\/servizi-per-il-cittadino-italiano\/emergency-travel-documents-etd\/","title":{"rendered":"DOCUMENTO DI VIAGGIO DI EMERGENZA \u2013 EU ETD"},"content":{"rendered":"<ol>\n<li style=\"text-align: justify;\"><strong> EU ETD: cos\u2019\u00e8<\/strong><\/li>\n<\/ol>\n<p style=\"text-align: justify;\">L\u2019EU ETD (European Union Emergency Travel Document) \u00e8 un documento di emergenza che pu\u00f2 essere rilasciato, in caso di furto, smarrimento o mancanza accidentale di documenti, a favore dei cittadini italiani o dei cittadini di Paesi UE non rappresentati <u>limitatamente a un solo viaggio verso lo Stato membro di cui il richiedente \u00e8 cittadino, verso il suo Paese di residenza permanente<\/u> o, eccezionalmente, verso un&#8217;altra destinazione.<\/p>\n<p style=\"text-align: justify;\">Il rilascio del documento \u00e8 a titolo gratuito.<\/p>\n<ol style=\"text-align: justify;\" start=\"2\">\n<li><strong> MODALITA\u2019 DI EROGAZIONE DEL SERVIZIO<\/strong><\/li>\n<\/ol>\n<p style=\"text-align: justify;\">Per ottenere un EU ETD occorre presentarsi in Ambasciata dal luned\u00ec al venerd\u00ec dalle ore 9 alle ore 12:00. Nel fine settimana e nei giorni festivi sar\u00e0 possibile rilasciare gli EU ETD solo in casi di comprovata emergenza (incidenti, arresti, gravi problemi medici, calamit\u00e0 naturali, serie situazioni familiari). Si invitano pertanto tutti i connazionali che viaggiano in Bulgaria a munirsi di due documenti diversi, da custodire separatamente (ad esempio: carta d\u2019identit\u00e0 da tenere con s\u00e9, e passaporto da custodire in altro luogo sicuro).<\/p>\n<ol style=\"text-align: justify;\" start=\"3\">\n<li><strong> DOCUMENTAZIONE NECESSARIA<\/strong><\/li>\n<\/ol>\n<p style=\"text-align: justify;\">La domanda di EU ETD \u00e8 presentata mediante apposito <u><a href=\"https:\/\/ambsofia.esteri.it\/wp-content\/uploads\/2025\/12\/EU-ETD-APPLICATION-FORM.docx\" target=\"_blank\" rel=\"noopener\"><strong>modulo<\/strong><\/a>,<\/u> e deve essere corredata da:<\/p>\n<p style=\"text-align: justify;\">a) dichiarazione di furto o smarrimento del passaporto o di altro documento di viaggio, resa all&#8217;Ufficio consolare ai sensi degli artt. 46 e 47 del D.P.R. 28 dicembre 2000, n. 445, e con le accortezze di cui all&#8217;art. 76 del medesimo decreto;<\/p>\n<p style=\"text-align: justify;\">b) denuncia del furto o dello smarrimento o della distruzione del passaporto o di altro documento di viaggio alle locali autorit\u00e0 di polizia;<\/p>\n<p style=\"text-align: justify;\">c) nei casi in cui al momento della domanda non sia possibile rilevare un&#8217;immagine del volto del richiedente, una fotografia digitale o scansionata del richiedente, in base alle norme stabilite nel documento 9303 dell&#8217;Organizzazione per l&#8217;Aviazione Civile Internazionale (ICAO) sui documenti di viaggio a lettura ottica;<\/p>\n<p style=\"text-align: justify;\">d) il titolo di viaggio (biglietto aereo, autobus ecc.), ove possibile.<\/p>\n<p style=\"text-align: justify;\"><strong>In caso la richiesta provenga da un cittadino UE non rappresentato, <\/strong>l\u2019ETD verr\u00e0 rilasciato dopo opportune verifiche con il Ministero degli Esteri del Paese di cittadinanza ovvero altro Ufficio indicato dallo Stato Membro.<\/p>\n<p style=\"text-align: justify;\"><strong>Per i minori, <\/strong>la richiesta deve essere firmata da entrambi i genitori o dal tutore legale.<\/p>\n<ol style=\"text-align: justify;\" start=\"4\">\n<li><strong> OBBLIGO DI RESTITUZIONE DEL DOCUMENTO<\/strong><\/li>\n<\/ol>\n<p style=\"text-align: justify;\">Una volta giunto a destinazione, Il beneficiario dell\u2019EU ETD <strong>ha l\u2019obbligo di consegnare il documento alla polizia di frontiera o ad altro posto di polizia<\/strong>, indipendentemente dalla validit\u00e0 residua. Qualora il beneficiario di un EU ETD rilasciato da un Ufficio consolare viaggi verso un Paese diverso dall\u2019Italia, <strong>il beneficiario ha l\u2019obbligo di restituire il documento all\u2019Ufficio consolare territorialmente competente<\/strong> per la localit\u00e0 di destinazione.<\/p>\n","protected":false},"excerpt":{"rendered":"EU ETD: cos\u2019\u00e8 L\u2019EU ETD (European Union Emergency Travel Document) \u00e8 un documento di emergenza che pu\u00f2 essere rilasciato, in caso di furto, smarrimento o mancanza accidentale di documenti, a favore dei cittadini italiani o dei cittadini di Paesi UE non rappresentati limitatamente a un solo viaggio verso lo Stato membro di cui il richiedente [&hellip;]","protected":false},"author":1,"featured_media":0,"parent":47,"menu_order":14,"comment_status":"closed","ping_status":"closed","template":"","meta":{"footnotes":""},"class_list":["post-67","page","type-page","status-publish","hentry"],"_links":{"self":[{"href":"https:\/\/ambsofia.esteri.it\/it\/wp-json\/wp\/v2\/pages\/67","targetHints":{"allow":["GET"]}}],"collection":[{"href":"https:\/\/ambsofia.esteri.it\/it\/wp-json\/wp\/v2\/pages"}],"about":[{"href":"https:\/\/ambsofia.esteri.it\/it\/wp-json\/wp\/v2\/types\/page"}],"author":[{"embeddable":true,"href":"https:\/\/ambsofia.esteri.it\/it\/wp-json\/wp\/v2\/users\/1"}],"replies":[{"embeddable":true,"href":"https:\/\/ambsofia.esteri.it\/it\/wp-json\/wp\/v2\/comments?post=67"}],"version-history":[{"count":6,"href":"https:\/\/ambsofia.esteri.it\/it\/wp-json\/wp\/v2\/pages\/67\/revisions"}],"predecessor-version":[{"id":12588,"href":"https:\/\/ambsofia.esteri.it\/it\/wp-json\/wp\/v2\/pages\/67\/revisions\/12588"}],"up":[{"embeddable":true,"href":"https:\/\/ambsofia.esteri.it\/it\/wp-json\/wp\/v2\/pages\/47"}],"wp:attachment":[{"href":"https:\/\/ambsofia.esteri.it\/it\/wp-json\/wp\/v2\/media?parent=67"}],"curies":[{"name":"wp","href":"https:\/\/api.w.org\/{rel}","templated":true}]}}