{"id":626,"date":"2023-10-26T12:25:26","date_gmt":"2023-10-26T09:25:26","guid":{"rendered":"https:\/\/ambsofia.esteri.it\/?page_id=626"},"modified":"2023-10-26T12:25:26","modified_gmt":"2023-10-26T09:25:26","slug":"opportunita-commerciali","status":"publish","type":"page","link":"https:\/\/ambsofia.esteri.it\/it\/italia-e-bulgaria\/diplomazia-economica\/fare-affari-in-italia\/opportunita-commerciali\/","title":{"rendered":"Opportunit\u00e0 commerciali"},"content":{"rendered":"<p>L\u2019acquisizione di informazioni riguardanti il mercato italiano e le opportunit\u00e0 di business con l\u2019Italia \u00e8 il primo passo che gli operatori stranieri devono compiere al fine di individuare aree e forme di investimento in Italia.<\/p>\n<ul>\n<li><em>Find your Italian partner<\/em>\u00a0\u00e8 una directory aziendale con vetrine virtuali di aziende Made in Italy.\u00a0L&#8217;Agenzia ICE offre una panoramica delle attivit\u00e0 italiane, inclusi profili aziendali, immagini e dettagli dei prodotti, sito web, proposte commerciali e informazioni di contatto.\u00a0Le aziende estere o agenti interessati a prodotti italiani o in cerca di partnership con aziende italiane, possono accedere al database con i profili, ricercabili per settore o prodotto, e trovare un partner commerciale.<\/li>\n<\/ul>\n<ul>\n<li><em>Send us your business proposal<\/em>\u00a0\u00e8 la rubrica dell\u2019Agenzia ICE, la quale d\u00e0 la possibilit\u00e0 alle aziende straniere di presentare la propria offerta. \u00c8 sufficiente che dall\u2019elenco con i paesi si selezioni Bulgaria e si compili il modulo in lingua inglese, il quale rimane a disposizione alle aziende italiane.<\/li>\n<\/ul>\n<p>Per maggiori informazioni sulle due opportunit\u00e0, seguite il link\u00a0<strong><a href=\"https:\/\/www.ice.it\/en\/my-home\/find-your-italian-partner\" target=\"_blank\" rel=\"noopener\">sul sito dell\u2019Agenzia ICE<\/a>.\u00a0<\/strong><\/p>\n<p>Seguite\u00a0<strong><a href=\"https:\/\/www.esteri.it\/mae\/it\/politica_estera\/commercio-internazionale\/osservatorio-commercio-internazionale\" target=\"_blank\" rel=\"noopener\">l&#8217;Osservatorio Economico<\/a><\/strong>\u00a0sul commercio internazionale del MAECI;<\/p>\n","protected":false},"excerpt":{"rendered":"L\u2019acquisizione di informazioni riguardanti il mercato italiano e le opportunit\u00e0 di business con l\u2019Italia \u00e8 il primo passo che gli operatori stranieri devono compiere al fine di individuare aree e forme di investimento in Italia. Find your Italian partner\u00a0\u00e8 una directory aziendale con vetrine virtuali di aziende Made in Italy.\u00a0L&#8217;Agenzia ICE offre una panoramica delle [&hellip;]","protected":false},"author":7,"featured_media":0,"parent":97,"menu_order":1,"comment_status":"closed","ping_status":"closed","template":"","meta":{"footnotes":""},"class_list":["post-626","page","type-page","status-publish","hentry"],"_links":{"self":[{"href":"https:\/\/ambsofia.esteri.it\/it\/wp-json\/wp\/v2\/pages\/626","targetHints":{"allow":["GET"]}}],"collection":[{"href":"https:\/\/ambsofia.esteri.it\/it\/wp-json\/wp\/v2\/pages"}],"about":[{"href":"https:\/\/ambsofia.esteri.it\/it\/wp-json\/wp\/v2\/types\/page"}],"author":[{"embeddable":true,"href":"https:\/\/ambsofia.esteri.it\/it\/wp-json\/wp\/v2\/users\/7"}],"replies":[{"embeddable":true,"href":"https:\/\/ambsofia.esteri.it\/it\/wp-json\/wp\/v2\/comments?post=626"}],"version-history":[{"count":1,"href":"https:\/\/ambsofia.esteri.it\/it\/wp-json\/wp\/v2\/pages\/626\/revisions"}],"predecessor-version":[{"id":627,"href":"https:\/\/ambsofia.esteri.it\/it\/wp-json\/wp\/v2\/pages\/626\/revisions\/627"}],"up":[{"embeddable":true,"href":"https:\/\/ambsofia.esteri.it\/it\/wp-json\/wp\/v2\/pages\/97"}],"wp:attachment":[{"href":"https:\/\/ambsofia.esteri.it\/it\/wp-json\/wp\/v2\/media?parent=626"}],"curies":[{"name":"wp","href":"https:\/\/api.w.org\/{rel}","templated":true}]}}