{"id":619,"date":"2023-10-26T12:29:17","date_gmt":"2023-10-26T09:29:17","guid":{"rendered":"https:\/\/ambsofia.esteri.it\/?page_id=619"},"modified":"2025-10-24T10:54:23","modified_gmt":"2025-10-24T07:54:23","slug":"carta-di-identita-elettronica-cie","status":"publish","type":"page","link":"https:\/\/ambsofia.esteri.it\/it\/servizi-consolari-e-visti\/servizi-per-il-cittadino-italiano\/passaporti-e-carte-didentita\/carta-di-identita-elettronica-cie\/","title":{"rendered":"Carta d&#8217;Identit\u00e0 Elettronica (CIE)"},"content":{"rendered":"<article id=\"articolo_centro\" class=\"col-md-15 col-sm-15 padding_articolo item-page\" role=\"main\" aria-label=\"articolo\">\n<div>\n<p><strong>NOTA BENE:<\/strong><\/p>\n<ul>\n<li>\u00c8 possibile prenotare un appuntamento per il rilascio della CIE solamente tramite il nuovo portale Prenot@mi (<a href=\"https:\/\/prenotami.esteri.it\/\" target=\"_blank\" rel=\"noopener\">https:\/\/prenotami.esteri.it<\/a>) seguendo la procedura di prenotazione sotto descritta (attenzione: non \u00e8 possibile richiedere la CIE direttamente allo sportello, senza appuntamento).<\/li>\n<\/ul>\n<p><a href=\"https:\/\/prenotami.esteri.it\/\" target=\"_blank\" rel=\"noopener\">VAI AL PORTALE PRENOTAMI<\/a><\/p>\n<p><a href=\"https:\/\/prenotami.esteri.it\/Manuale\/ManualeCittadino.docx\" target=\"_blank\" rel=\"noopener\">SCARICA IL MANUALE UTENTE<\/a><\/p>\n<p><strong>LA CARTA D&#8217;IDENTIT\u00c0 ELETTRONICA<\/strong><\/p>\n<p><em>1) Che cos&#8217;\u00e8 la Carta d&#8217;Identit\u00e0 Elettronica?<\/em><br \/>\nLa carta d&#8217;identit\u00e0 \u00e8 un documento personale di riconoscimento valido per identificarsi e circolare nell\u2019Unione Europea, in alcuni Stati aderenti all&#8217;accordo di Schengen (ad es. Islanda, Norvegia e Svizzera) e in altri Stati con cui sono stati raggiunti accordi bilaterali (vedasi le singole &#8220;schede Paese&#8221; sul sito <a href=\"http:\/\/www.viaggiaresicuri.it\/\" target=\"_blank\" rel=\"noopener\">www.viaggiaresicuri.it<\/a>).<br \/>\nLa Carta d\u2019Identit\u00e0 Elettronica (CIE) \u00e8 la nuova carta d\u2019identit\u00e0 in formato tessera; oltre a svolgere le stesse funzioni di quella cartacea, consente di accedere ai servizi online delle Pubbliche Amministrazioni italiane.<\/p>\n<p><em>2) A chi pu\u00f2 essere rilasciata la Carta d&#8217;Identit\u00e0 Elettronica?<\/em><br \/>\nLa Cancelleria Consolare dell&#8217;Ambasciata d&#8217;Italia a Sofia pu\u00f2 rilasciare la carta d&#8217;identit\u00e0 esclusivamente ai cittadini italiani regolarmente residenti nella propria circoscrizione consolare, registrati nello schedario consolare e i cui dati anagrafici siano gi\u00e0 presenti nel registro A.I.R.E. (Anagrafe degli Italiani Residenti all&#8217;Estero) del Ministero dell&#8217;Interno.<br \/>\nSalvo casi eccezionali, la CIE viene rilasciata, per il momento, unicamente a chi non sia in possesso di un\u2019altra carta d\u2019identit\u00e0 valida, a chi abbia la carta d\u2019identit\u00e0 in scadenza (a partire da 6 mesi prima della scadenza) o in caso di furto, smarrimento o deterioramento della carta precedente.<br \/>\nChi non \u00e8 registrato all\u2019A.I.R.E. dovr\u00e0 prima regolarizzare la propria iscrizione anagrafica tramite il\u00a0<a href=\"https:\/\/serviziconsolari.esteri.it\/ScoFE\/index.sco\" target=\"_blank\" rel=\"noopener\">portale FAST IT<\/a>\u00a0ed attendere, prima di poter far domanda, di essere inserito in tale registro da parte del Comune italiano competente (per i cittadini non iscritti all\u2019A.I.R.E., la competenza al rilascio della carta d\u2019identit\u00e0 rimane al Comune di residenza).<br \/>\nAi fini della registrazione nella banca dati A.I.R.E. \u00e8 indispensabile, per i cittadini italiani nati all\u2019estero, che l\u2019atto di nascita risulti gi\u00e0 trascritto nei registri di Stato Civile del Comune di riferimento.<br \/>\nNel caso si sia cambiato indirizzo di residenza (rispetto a quello comunicato all\u2019Ufficio consolare), \u00e8 necessario chiedere la variazione di indirizzo tramite il\u00a0<a href=\"https:\/\/serviziconsolari.esteri.it\/ScoFE\/index.sco\" target=\"_blank\" rel=\"noopener\">portale FAST IT<\/a>.<br \/>\nInoltre, per ottenere la CIE \u00e8 indispensabile possedere il codice fiscale validato dall\u2019Agenzia delle Entrate. Qualora il connazionale non sia in possesso di un codice fiscale o quest\u2019ultimo non sia stato validato, sar\u00e0 cura della Cancelleria Consolare richiederlo tramite l\u2019Agenzia delle Entrate.<\/p>\n<p><em>3) A partire da quando \u00e8 possibile richiedere la Carta d&#8217;Identit\u00e0 Elettronica (CIE)?<\/em><br \/>\nSi pu\u00f2 fare richiesta di appuntamento per il rilascio della Carta d\u2019Identit\u00e0 Elettronica a partire dal 16 novembre 2020.<\/p>\n<p><em>4) Come si richiede la Carta d&#8217;Identit\u00e0 Elettronica (CIE)?<\/em><br \/>\nLa richiesta della Carta d\u2019Identit\u00e0 Elettronica deve essere presentata utilizzando esclusivamente la piattaforma Prenot@mi (<a href=\"https:\/\/prenotami.esteri.it\/\" target=\"_blank\" rel=\"noopener\">clicca qui per accedere<\/a>).<\/p>\n<p><em>5) Come si prende un appuntamento sulla piattaforma Prenot@mi?<br \/>\n<\/em>Se Lei \u00e8 un utente gi\u00e0 registrato sulla\u00a0<a href=\"https:\/\/prenotami.esteri.it\/\" target=\"_blank\" rel=\"noopener\">piattaforma Prenot@mi<\/a>, dovr\u00e0 effettuare l&#8217;accesso immettendo le sue credenziali:<\/p>\n<ul>\n<li>Username (il suo indirizzo email);<\/li>\n<li>Password (quella che ha indicato all&#8217;atto della registrazione).<\/li>\n<\/ul>\n<p>Acceder\u00e0 cos\u00ec alla pagina dei servizi attivati, selezioner\u00e0 il servizio Carta di Identit\u00e0 Elettronica (CIE) e compiler\u00e0 la pagina inserendo i dati della persona che deve ottenere la carta (il cosiddetto &#8220;richiedente&#8221;). Pertanto, se l\u2019appuntamento \u00e8 per rinnovare la carta di un bambino, anche se colui che materialmente prenota l\u2019appuntamento \u00e8 il genitore, nei dati dell\u2019appuntamento bisogner\u00e0 indicare i dati del bambino.<br \/>\nLei acceder\u00e0 poi al calendario degli appuntamenti e potr\u00e0 selezionare una data a lei utile.<br \/>\nAttenzione: se l\u2019utente \u00e8 gi\u00e0 registrato ma presso un altro Consolato, prima di procedere con la richiesta di appuntamento dovr\u00e0 effettuare il cambio sede, selezionando l\u2019apposito comando &#8220;cambia sede&#8221; presente sulla prima pagina a sinistra, una volta fatto accesso col proprio account.<\/p>\n<p>Se Lei \u00e8 un nuovo utente dovr\u00e0 prima procedere alla registrazione sulla\u00a0<a href=\"https:\/\/prenotami.esteri.it\/\" target=\"_blank\" rel=\"noopener\">piattaforma Prenot@mi<\/a>, cliccando su &#8220;Registrati&#8221;. Una volta completata la registrazione, avendo cura di scegliere come Consolato di riferimento &#8220;BULGARIA SOFIA AMBASCIATA D&#8217;ITALIA&#8221;, dovr\u00e0 rientrare sul sistema di prenotazione e, inserendo le sue credenziali, potr\u00e0 accedere alla pagina dei servizi offerti e procedere come sopra indicato.<\/p>\n<p>Dal momento della richiesta alla data dell\u2019appuntamento trascorrono almeno quindici giorni, necessari per consentire all\u2019Ufficio consolare di effettuare il controllo dei dati anagrafici, risolvere eventuali disallineamenti tra i dati presenti nello schedario consolare e quelli presenti nel registro del Comune italiano, e verificare che non sussistano cause ostative al rilascio del documento.<\/p>\n<p><strong>&gt;&gt; ATTENZIONE<\/strong>: Nel caso in cui, a seguito delle verifiche, emergessero elementi che impedissero (temporaneamente o meno) il rilascio della CIE, il connazionale sar\u00e0 contattato dalla Sede consolare per la cancellazione dell\u2019appuntamento.<\/p>\n<p><em>6) \u00c8 possibile chiedere l\u2019appuntamento per s\u00e8 e per altre persone?<br \/>\n<\/em>S\u00ec, il sistema permette di prenotare un appuntamento multiplo per s\u00e9 stesso e per massimo altre 2 persone, nella stessa data.<\/p>\n<p>In tal caso il formulario da compilare preveder\u00e0 pi\u00f9 parti (\u00e8 necessario scorrere la schermata in basso) e richieder\u00e0 di riempire una scheda dati per ogni persona che desidera un appuntamento nella stessa data, cio\u00e8 per il primo richiedente e poi per ciascun altro richiedente.<\/p>\n<p><em>7) Qual \u00e8 la documentazione necessaria da portare con s\u00e9 al momento dell\u2019appuntamento per richiedere la CIE?<\/em><br \/>\nIl giorno dell\u2019appuntamento, il richiedente deve presentarsi munito di:<\/p>\n<ul>\n<li>Carta d\u2019identit\u00e0 precedente (se non si possiede, altro documento di riconoscimento; se non si possiede altro documento di riconoscimento, due testimoni); se la CIE \u00e8 richiesta per un minorenne, \u00e8 necessario che anche il genitore che accompagna presenti un documento di riconoscimento;<\/li>\n<li>1 fotografia biometrica (recente, frontale, a colori formato 35 x 45 mm).<\/li>\n<li>Nel caso in cui il richiedente abbia figli minori di 18 anni, <a href=\"https:\/\/ambsofia.esteri.it\/wp-content\/uploads\/2024\/03\/Dichiarazione-di-assenza-inibitoria.pdf\" target=\"_blank\" rel=\"noopener\">dichiarazione sostitutiva di certificazione<\/a> da presentare in originale;<br \/>\nSe l\u2019altro genitore non \u00e8 cittadino dell&#8217;Unione Europea, la sua firma sull\u2019atto di assenso va autenticata: o presso la Cancelleria consolare al momento dell&#8217;appuntamento, o presso il Comune di residenza o altro ufficio pubblico, o dal notaio. Al fine di verificare la correttezza dell&#8217;atto di assenso presentato, \u00e8 necessario che il minore sia gi\u00e0 iscritto in anagrafe o che venga presentato l\u2019originale del certificato di nascita da cui si evincano maternit\u00e0 e paternit\u00e0 del minore;<\/li>\n<li>Nel caso in cui il richiedente non sia pi\u00f9 in possesso del precedente documento in seguito a furto o smarrimento, \u00e8 necessario presentare al momento dell\u2019appuntamento il <a href=\"https:\/\/ambsofia.esteri.it\/wp-content\/uploads\/2023\/10\/06_denuncia_smarrimento_furto_del_passaporto_carta_identit.pdf\">formulario di dichiarazione di furto o smarrimento<\/a>, unitamente alla eventuale denuncia effettuata presso le autorit\u00e0 bulgare.<\/li>\n<\/ul>\n<p>Contanti in valuta locale leva per effettuare il pagamento della CIE.<\/p>\n<p>Il costo della CIE \u00e8 di:<\/p>\n<ul>\n<li>Euro 21,95 (pari a 42,95 LEVA) in caso di primo rilascio o rinnovo;<\/li>\n<li>Euro 27,11 (pari a 53,05 LEVA) in caso di duplicato (nuova carta emessa prima di 180 giorni dalla scadenza della precedente per furto, smarrimento o deterioramento)<br \/>\nIl pagamento \u00e8 consentito solo in contanti e solo in valuta locale (LEVA).<\/li>\n<\/ul>\n<p><em>8) Quali sono le operazioni che saranno effettuate il giorno dell\u2019appuntamento?<\/em><br \/>\nIl giorno dell\u2019appuntamento, l\u2019operatore consolare acquisisce la documentazione indicata al punto precedente, effettua il riconoscimento e la verifica della foto ed acquisisce le impronte digitali e la firma (salvo per i minori di anni 12).<br \/>\nAnche i minori di et\u00e0 inferiore ai 12 anni devono essere presenti, perch\u00e9 \u00e8 necessaria la loro identificazione da parte del funzionario dell&#8217;ufficio. I minori devono essere sempre accompagnati da uno dei genitori o comunque dal titolare della responsabilit\u00e0 genitoriale.<\/p>\n<p><em>9) Come si riceve la Carta d&#8217;Identit\u00e0 Elettronica?<\/em><br \/>\nLa CIE \u00e8 emessa dal Ministero dell\u2019Interno e prodotta dall\u2019Istituto Poligrafico e Zecca dello Stato, che la spedisce, a mezzo posta raccomandata, all\u2019indirizzo di residenza (o recapito) dichiarato dal richiedente. Salvo casi particolari, la CIE dovrebbe arrivare per posta entro 15 giorni dal giorno dell\u2019appuntamento (il connazionale potr\u00e0 seguire la raccomandata autonomamente online, attraverso il codice di tracciamento).<br \/>\nIn caso di mancata consegna, scaduto il termine di giacenza presso l\u2019ufficio postale il plico viene restituito all\u2019Ufficio consolare per ulteriori tentativi di consegna.<\/p>\n<p><em>10) Quanto tempo vale la carta d\u2019identit\u00e0?<\/em><br \/>\nLa validit\u00e0 della carta d\u2019identit\u00e0 varia a seconda dell&#8217;et\u00e0 del titolare ed \u00e8 di:<\/p>\n<ul>\n<li>3 anni per i minori di et\u00e0 compresa tra 0 e 3 anni;<\/li>\n<li>5 anni per i minori di et\u00e0 compresa tra 3 anni e il raggiungimento della maggiore et\u00e0 (18 anni);<\/li>\n<li>10 anni dai 18 anni di et\u00e0.<\/li>\n<\/ul>\n<p><em>11) Cos\u2019\u00e8 l\u2019atto di assenso?<\/em><br \/>\nL&#8217;atto di assenso \u00e8 una dichiarazione personale prevista dalla legge italiana, che il genitore pu\u00f2 sottoscrivere utilizzando\u00a0l&#8217;<a href=\"https:\/\/ambsofia.esteri.it\/wp-content\/uploads\/2023\/10\/04_atto_di_assenso_rilascio_passaporto_ci_in_favore_di_figlio_minore_it.pdf\">atto di assenso per il rilascio della carta di identit\u00e0 del figlio minore<\/a>\u00a0o redigendo una <a href=\"https:\/\/ambsofia.esteri.it\/wp-content\/uploads\/2024\/03\/Dichiarazione-di-assenza-inibitoria.pdf\" target=\"_blank\" rel=\"noopener\">dichiarazione sostitutiva di certificazione<\/a>; all&#8217;atto di assenso va allegata una fotocopia del proprio documento di identit\u00e0.<br \/>\nSe l\u2019altro genitore non \u00e8 cittadino dell\u2019Unione Europea, la sua firma va autenticata personalmente dall\u2019Ufficio consolare o dal Comune di residenza o altra autorit\u00e0 competente (notaio).<br \/>\nAl fine di verificare la correttezza dell\u2019atto di assenso presentato \u00e8 necessario che il minore sia iscritto in anagrafe o che sia presentato originale del certificato di nascita da cui si evincano maternit\u00e0 e paternit\u00e0 del minore.<br \/>\nIn caso di decesso di uno dei genitori, \u00e8 necessario presentare l\u2019atto di morte dello stesso.<\/p>\n<p><em>12) \u00c8 possibile modificare la mia carta d\u2019identit\u00e0?<\/em><br \/>\nNo. La carta d\u2019identit\u00e0 \u00e8 un documento di identit\u00e0 e non di residenza o di stato civile. Non \u00e8 possibile aggiornare l\u2019indirizzo sulla carta.<\/p>\n<p><em>13) \u00c8 possibile per le donne sposate inserire il cognome del marito?<\/em><br \/>\nNo, non \u00e8 possibile.<\/p>\n<p>Contatti dell&#8217;Ufficio Carte d&#8217;identit\u00e0:<br \/>\nIndirizzo mail: <a href=\"mailto:ambsofia.consolare@esteri.it\">ambsofia.consolare@esteri.it<\/a><\/p>\n<p>Per ulteriori informazioni ed approfondimenti, visitare il sito\u00a0<a href=\"https:\/\/www.esteri.it\/mae\/it\/servizi\/italiani-all-estero\/documenti_di_viaggio\/carta_identita.html\">https:\/\/www.esteri.it\/mae\/it\/servizi\/italiani-all-estero\/documenti_di_viaggio\/carta_identita.html<\/a><\/p>\n<\/div>\n<\/article>\n","protected":false},"excerpt":{"rendered":"NOTA BENE: \u00c8 possibile prenotare un appuntamento per il rilascio della CIE solamente tramite il nuovo portale Prenot@mi (https:\/\/prenotami.esteri.it) seguendo la procedura di prenotazione sotto descritta (attenzione: non \u00e8 possibile richiedere la CIE direttamente allo sportello, senza appuntamento). VAI AL PORTALE PRENOTAMI SCARICA IL MANUALE UTENTE LA CARTA D&#8217;IDENTIT\u00c0 ELETTRONICA 1) Che cos&#8217;\u00e8 la Carta [&hellip;]","protected":false},"author":7,"featured_media":0,"parent":49,"menu_order":1,"comment_status":"closed","ping_status":"closed","template":"","meta":{"footnotes":""},"class_list":["post-619","page","type-page","status-publish","hentry"],"_links":{"self":[{"href":"https:\/\/ambsofia.esteri.it\/it\/wp-json\/wp\/v2\/pages\/619","targetHints":{"allow":["GET"]}}],"collection":[{"href":"https:\/\/ambsofia.esteri.it\/it\/wp-json\/wp\/v2\/pages"}],"about":[{"href":"https:\/\/ambsofia.esteri.it\/it\/wp-json\/wp\/v2\/types\/page"}],"author":[{"embeddable":true,"href":"https:\/\/ambsofia.esteri.it\/it\/wp-json\/wp\/v2\/users\/7"}],"replies":[{"embeddable":true,"href":"https:\/\/ambsofia.esteri.it\/it\/wp-json\/wp\/v2\/comments?post=619"}],"version-history":[{"count":7,"href":"https:\/\/ambsofia.esteri.it\/it\/wp-json\/wp\/v2\/pages\/619\/revisions"}],"predecessor-version":[{"id":12020,"href":"https:\/\/ambsofia.esteri.it\/it\/wp-json\/wp\/v2\/pages\/619\/revisions\/12020"}],"up":[{"embeddable":true,"href":"https:\/\/ambsofia.esteri.it\/it\/wp-json\/wp\/v2\/pages\/49"}],"wp:attachment":[{"href":"https:\/\/ambsofia.esteri.it\/it\/wp-json\/wp\/v2\/media?parent=619"}],"curies":[{"name":"wp","href":"https:\/\/api.w.org\/{rel}","templated":true}]}}