{"id":5864,"date":"2023-11-24T11:02:34","date_gmt":"2023-11-24T09:02:34","guid":{"rendered":"https:\/\/ambsofia.esteri.it\/?page_id=5864"},"modified":"2025-06-05T15:45:36","modified_gmt":"2025-06-05T12:45:36","slug":"dichiarazioni-di-valore","status":"publish","type":"page","link":"https:\/\/ambsofia.esteri.it\/it\/servizi-consolari-e-visti\/servizi-per-il-cittadino-straniero\/studi\/dichiarazioni-di-valore\/","title":{"rendered":"Dichiarazioni di valore"},"content":{"rendered":"<p>L\u2019Ufficio consolare rilascia dichiarazioni di valore a titoli di studio, conseguiti in Bulgaria presso scuole e nelle universit\u00e0, riconosciute dal Ministero dell\u2019Istruzione e della Scienza della Repubblica di Bulgaria.<br \/>\nCon la dichiarazione di valore a un titolo di studio conseguito in Bulgaria non si ottiene in Italia il riconoscimento automatico del livello d\u2019istruzione o della qualifica professionale.<\/p>\n<p>Per il riconoscimento del titolo di studio e della qualifica professionale \u00e8 necessario prendere prima visione delle informazioni pubblicate su\u00a0<a href=\"http:\/\/www.cimea.it\/it\/index.aspx\">http:\/\/www.cimea.it\/it\/index.aspx<\/a>\u00a0 \u2013 Centro Informazioni Mobilit\u00e0 Equivalenze Accademiche.<\/p>\n<p>Per ottenere la dichiarazione di valore dei propri titoli di studio, conseguiti in Bulgaria, \u00e9 necessario presentare allo Sportello consolare i seguenti documenti:<\/p>\n<ul>\n<li>modulo (<a href=\"https:\/\/ambsofia.esteri.it\/wp-content\/uploads\/2023\/11\/61544_f_amb61modulorichiestadidicihiarazionidivalore1.pdf\" target=\"_blank\" rel=\"noopener\">qui scaricabile<\/a>) compilato in italiano o in inglese, dove si specifica il motivo per il rilascio della dichiarazione di valore \u2013 lavoro o studio;<\/li>\n<li>copia del titolo di studio munita del timbro \u201cApostille\u201d;<\/li>\n<li>traduzione legalizzata del titolo di studio dal bulgaro all\u2019italiano (la firma del traduttore bulgaro deve essere legalizzata dal funzionario competente del Ministero degli Esteri della Repubblica di Bulgaria, la cui firma va a sua volta legalizzata dalla Cancelleria Consolare di questa Ambasciata);<\/li>\n<li>copia dell\u2019Allegato al titolo di studio, se presente qual parte integrante del titolo, munita del timbro \u201cApostille\u201d;<\/li>\n<li>traduzione legalizzata dell\u2019Allegato al titolo di studio dal bulgaro all\u2019italiano (la firma del traduttore bulgaro deve essere legalizzata dal funzionario competente del Ministero degli Esteri della Repubblica di Bulgaria, la cui firma va a sua volta legalizzata dalla Cancelleria Consolare di questa Ambasciata);<\/li>\n<li>fotocopia di tutte le pagine del titolo di studio apostillato, tradotto e legalizzato, nonch\u00e9 dell\u2019Allegato apostillato, tradotto e legalizzato, se presente;<\/li>\n<li>fotocopia del documento di riconoscimento dell\u2019interessato \u2013 carta d\u2019identit\u00e0 o passaporto nazionale;<\/li>\n<li>certificato o altro documento ufficiale attestante i requisiti per l\u2019ammissione al corso di studio indicato nel relativo titolo (es. ammissione per punteggio, risultato di maturit\u00e0, esame di ammissione, qualifica professionale o esperienza);<\/li>\n<li>per le lauree di baccalaureato e le successive, va presentata una copia di tutti i titoli di studio precedenti (ad esempio, se \u00e8 richiesta una dichiarazione di valore a una laurea magistrale va presentata copia del diploma di istruzione secondaria e copia della laurea di baccalaureato, se la magistrale non \u00e8 a ciclo unico);<\/li>\n<li>se ad uso studio viene presentato un documento attestante la prosecuzione degli studi in altro livello d\u2019istruzione (conferma di ammissione, tassa universitaria pagata, ecc.).<\/li>\n<\/ul>\n<p>&nbsp;<\/p>\n<p><strong>Ulteriore Documentazione<\/strong><\/p>\n<p>Nel caso di diploma di scuola secondaria superiore (diploma za sredno obrazovanie) conseguito prima dell\u2019anno 2003, si richiede un certificato della Scuola presso la quale \u00e9 stato conseguito il titolo che specifichi, se non indicato nel titolo stesso, la classe conseguita 11\u00b0 o 12\u00b0. Il certificato va presentato in originale, senza apostilla, traduzione e legalizzazione, e rimane agli atti dell\u2019Ufficio consolare.<\/p>\n<p>Nel caso di diplomi di laurea (diploma za visshe obrazovanie) o diplomi di laurea breve, la c.d. istruzione \u201csemisuperiore\u201d (diploma za poluvisshe obrazovanie), conseguiti prima della riforma universitaria (Legge sull\u2019Istruzione Superiore GU n. 112 del 27.12.1995 e successive modifiche e integrazioni), si richiede un documento, rilasciato dalla rispettiva Universit\u00e0 o Istituto superiore, o dal Ministero del Istruzione della Scienza o dal Centro Nazionale d\u2019Informazione e Documentazione che attesti la corrispondenza al grado accademico del sistema di istruzione superiore vigente (es. baccalliere, magister).<\/p>\n<p>Nel caso di diploma di laurea che abiliti all\u2019esercizio di una delle professioni facenti parte dell\u2019elenco delle professioni regolamentate in Bulgaria (vedi l\u2019elenco al:<a href=\"http:\/\/mail.nacid.bg\/newdesign\/qual\/index.php?id=21\">\u00a0http:\/\/mail.nacid.bg\/newdesign\/qual\/index.php?id=21<\/a>\u00a0), se ai fini del riconoscimento in Italia, si richiede ulteriore documentazione, attestante l\u2019abilitazione professionale.<\/p>\n<p>Per ulteriori informazioni contattare l\u2019Ufficio consolare via email:\u00a0<a href=\"mailto:consolare.sofia@esteri.it\">consolare.sofia@esteri.it<\/a><\/p>\n<p>A seconda del titolo di studio e della qualifica professionale, nonch\u00e9 l\u2019abilitazione ad esercitare una professione, conferita dal diploma, possono essere richiesti altri documenti caso per caso.<br \/>\nEsempio: nel caso di titolo abilitante alla professione di insegnante, va presentato un documento ufficiale, attestante la disciplina scolastica che il richiedente pu\u00f2 insegnare, gli ordini e gradi di scuole in cui pu\u00f2 insegnare, la fascia di et\u00e0 degli alunni.<\/p>\n<p>Esempio: nel caso di formazione che preveda un livello di base ed uno massimo, va presentato un certificato attestante il numero di livelli in cui sia eventualmente articolata la professione.<\/p>\n<p>La domanda di Dichiarazione di valore con la documentazione richiesta a corredo va presentata allo Sportello consolare di persona o tramite persona delegata munita di delega semplice, nella quale va indicato che si richiede dichiarazione di valore indicando a quale fine (lavoro o studio) e a chi dovr\u00e0 essere presentata in Italia (<a href=\"https:\/\/ambsofia.esteri.it\/wp-content\/uploads\/2024\/12\/Modello-di-delega-semplice-per-la-richiesta-di-dichiarazione-di-valore.pdf\" target=\"_blank\" rel=\"noopener\">vedi modello di delega semplice<\/a>), e firmata come risulta la firma sul documento d\u2019identit\u00e0, allegando anche copia del documento d\u2019identit\u00e0 nazionale della persona delegata.<\/p>\n","protected":false},"excerpt":{"rendered":"L\u2019Ufficio consolare rilascia dichiarazioni di valore a titoli di studio, conseguiti in Bulgaria presso scuole e nelle universit\u00e0, riconosciute dal Ministero dell\u2019Istruzione e della Scienza della Repubblica di Bulgaria. Con la dichiarazione di valore a un titolo di studio conseguito in Bulgaria non si ottiene in Italia il riconoscimento automatico del livello d\u2019istruzione o della [&hellip;]","protected":false},"author":7,"featured_media":0,"parent":576,"menu_order":0,"comment_status":"closed","ping_status":"closed","template":"","meta":{"footnotes":""},"class_list":["post-5864","page","type-page","status-publish","hentry"],"_links":{"self":[{"href":"https:\/\/ambsofia.esteri.it\/it\/wp-json\/wp\/v2\/pages\/5864","targetHints":{"allow":["GET"]}}],"collection":[{"href":"https:\/\/ambsofia.esteri.it\/it\/wp-json\/wp\/v2\/pages"}],"about":[{"href":"https:\/\/ambsofia.esteri.it\/it\/wp-json\/wp\/v2\/types\/page"}],"author":[{"embeddable":true,"href":"https:\/\/ambsofia.esteri.it\/it\/wp-json\/wp\/v2\/users\/7"}],"replies":[{"embeddable":true,"href":"https:\/\/ambsofia.esteri.it\/it\/wp-json\/wp\/v2\/comments?post=5864"}],"version-history":[{"count":3,"href":"https:\/\/ambsofia.esteri.it\/it\/wp-json\/wp\/v2\/pages\/5864\/revisions"}],"predecessor-version":[{"id":11056,"href":"https:\/\/ambsofia.esteri.it\/it\/wp-json\/wp\/v2\/pages\/5864\/revisions\/11056"}],"up":[{"embeddable":true,"href":"https:\/\/ambsofia.esteri.it\/it\/wp-json\/wp\/v2\/pages\/576"}],"wp:attachment":[{"href":"https:\/\/ambsofia.esteri.it\/it\/wp-json\/wp\/v2\/media?parent=5864"}],"curies":[{"name":"wp","href":"https:\/\/api.w.org\/{rel}","templated":true}]}}