{"id":576,"date":"2023-10-26T11:29:42","date_gmt":"2023-10-26T08:29:42","guid":{"rendered":"https:\/\/ambsofia.esteri.it\/?page_id=576"},"modified":"2023-12-06T16:35:50","modified_gmt":"2023-12-06T14:35:50","slug":"studi","status":"publish","type":"page","link":"https:\/\/ambsofia.esteri.it\/it\/servizi-consolari-e-visti\/servizi-per-il-cittadino-straniero\/studi\/","title":{"rendered":"Studiare in Italia"},"content":{"rendered":"<p class=\"boxLevel03\"><strong>Lingua e Cultura italiana in Bulgaria<\/strong><\/p>\n<p class=\"boxLevel03\">A Sofia \u00e8 presente l&#8217;Istituto Italiano di Cultura.\u00a0La sua funzione \u00e8 la promozione della lingua e della cultura italiana al fine di contribuire alla conoscenza reciproca e alla collaborazione culturale, nel quadro dei rapporti che l&#8217;Italia intrattiene con la Bulgaria.<\/p>\n<p>L&#8217;Istituto Italiano di Cultura di Sofia \u00e8 stato creato nel 1950 come Ufficio culturale della rispettiva Ambasciata d&#8217;Italia.<\/p>\n<p><a href=\"https:\/\/iicsofia.esteri.it\/it\/\">Visita il sito dell&#8217;Istituto Italiano di Cultura di Sofia<\/a><\/p>\n<p>&nbsp;<\/p>\n<p><strong>Studiare in Italia<\/strong><\/p>\n<p>L&#8217;Ambasciata d&#8217;Italia a Sofia fornisce informazioni e consulenza per l&#8217;iscrizione a Scuole e Universit\u00e0 in Italia e rilascia le necessarie dichiarazioni di valore per i titoli conseguiti presso Scuole e Universit\u00e0 della circoscrizione consolare perch\u00e9 gli interessati possano ottenere l\u2019equipollenza dei titoli di studio primari e secondari con analoghi titoli italiani, l\u2019iscrizione a scuole ed Universit\u00e0 italiane, il riconoscimento in Italia degli studi universitari e l\u2019assegnazione di borse di studio.<\/p>\n<p>Per gli studenti stranieri che intendono iscriversi ad un corso di laurea universitario o di Alta Formazione Artistica e Musicale in Italia, il Ministero dell\u2019Universit\u00e0 e della Ricerca ha predisposto\u00a0<a href=\"https:\/\/www.studiare-in-italia.it\/studentistranieri\/moduli\/2020\/Circolare_2020_2021.pdf\" target=\"_blank\" rel=\"noopener\">un Vademecum<\/a>\u00a0(anche con una versione\u00a0<a href=\"https:\/\/www.studiare-in-italia.it\/studentistranieri\/moduli\/2020\/Circolare_2020_2021_EN.pdf\" target=\"_blank\" rel=\"noopener\">in lingua inglese<\/a>), contenente tutte le informazioni utili sulle procedure per l\u2019ingresso, il soggiorno e l\u2019immatricolazione degli studenti richiedenti visto, relative ai corsi della formazione superiore in Italia, presso le istituzioni della formazione superiore valide per l\u2019anno accademico 2020-2021.<\/p>\n<p>Ulteriori informazioni sono disponibili sul sito\u00a0dell&#8217;Associazione delle Universit\u00e0 Italiane\u00a0<a href=\"http:\/\/www.uni-italia.it\/it\/attivita\" target=\"_blank\" rel=\"noopener\">UNI-Italia\u00a0<\/a>(in italiano e inglese), sul sito\u00a0<a href=\"https:\/\/www.studiare-in-italia.it\/studentistranieri\/\" target=\"_blank\" rel=\"noopener\">Studiare in Italia<\/a>\u00a0(in italiano) e sul sito di\u00a0<a href=\"https:\/\/www.universitaly.it\/\" target=\"_blank\" rel=\"noopener\">Universitaly<\/a>\u00a0(in italiano e inglese).<\/p>\n","protected":false},"excerpt":{"rendered":"Lingua e Cultura italiana in Bulgaria A Sofia \u00e8 presente l&#8217;Istituto Italiano di Cultura.\u00a0La sua funzione \u00e8 la promozione della lingua e della cultura italiana al fine di contribuire alla conoscenza reciproca e alla collaborazione culturale, nel quadro dei rapporti che l&#8217;Italia intrattiene con la Bulgaria. L&#8217;Istituto Italiano di Cultura di Sofia \u00e8 stato creato [&hellip;]","protected":false},"author":7,"featured_media":0,"parent":48,"menu_order":0,"comment_status":"closed","ping_status":"closed","template":"","meta":{"footnotes":""},"class_list":["post-576","page","type-page","status-publish","hentry"],"_links":{"self":[{"href":"https:\/\/ambsofia.esteri.it\/it\/wp-json\/wp\/v2\/pages\/576","targetHints":{"allow":["GET"]}}],"collection":[{"href":"https:\/\/ambsofia.esteri.it\/it\/wp-json\/wp\/v2\/pages"}],"about":[{"href":"https:\/\/ambsofia.esteri.it\/it\/wp-json\/wp\/v2\/types\/page"}],"author":[{"embeddable":true,"href":"https:\/\/ambsofia.esteri.it\/it\/wp-json\/wp\/v2\/users\/7"}],"replies":[{"embeddable":true,"href":"https:\/\/ambsofia.esteri.it\/it\/wp-json\/wp\/v2\/comments?post=576"}],"version-history":[{"count":5,"href":"https:\/\/ambsofia.esteri.it\/it\/wp-json\/wp\/v2\/pages\/576\/revisions"}],"predecessor-version":[{"id":6967,"href":"https:\/\/ambsofia.esteri.it\/it\/wp-json\/wp\/v2\/pages\/576\/revisions\/6967"}],"up":[{"embeddable":true,"href":"https:\/\/ambsofia.esteri.it\/it\/wp-json\/wp\/v2\/pages\/48"}],"wp:attachment":[{"href":"https:\/\/ambsofia.esteri.it\/it\/wp-json\/wp\/v2\/media?parent=576"}],"curies":[{"name":"wp","href":"https:\/\/api.w.org\/{rel}","templated":true}]}}