{"id":44,"date":"2023-04-11T18:10:45","date_gmt":"2023-04-11T16:10:45","guid":{"rendered":"https:\/\/ambasciatapraga.esteri.it\/?page_id=44"},"modified":"2024-04-15T12:02:36","modified_gmt":"2024-04-15T09:02:36","slug":"diplomazia-culturale","status":"publish","type":"page","link":"https:\/\/ambsofia.esteri.it\/it\/italia-e-bulgaria\/diplomazia-culturale\/","title":{"rendered":"Diplomazia culturale"},"content":{"rendered":"<p>La cultura \u00e8 un terreno privilegiato di cooperazione tra Italia e Bulgaria, anche sulla base del comune importante patrimonio artistico ed architettonico.<\/p>\n<p>Nel 2024 si celebra l\u2019anniversario dei 145 anni delle relazioni diplomatiche fra Italia e Bulgaria.<\/p>\n<p>Nel corso del 2019 ha una particolare rilevanza, sul piano della cooperazione culturale, il fatto che Matera e Plovdiv siano le due capitali europee della Cultura. Ci\u00f2 comporta non solo un\u2019ulteriore visibilit\u00e0 della vicinanza tra i due Paesi, ma anche una serie di attivit\u00e0 congiunte tra le due citt\u00e0 volte a far conoscere le rispettive tradizioni nei vari campi della cultura.<\/p>\n<p>L\u2019Ambasciata coordina l\u2019attivit\u00e0 di promozione della cultura e della lingua italiana in Bulgaria svolta soprattutto attraverso l\u2019<a href=\"https:\/\/iicsofia.esteri.it\/IIC_Sofia\/it\/\">Istituto Italiano di Cultura a Sofia<\/a>. Gli strumenti principali utilizzati a tal fine sono:<\/p>\n<p>\u2022 corsi di lingua italiana, con un&#8217;offerta formativa articolata secondo i sei livelli del Quadro comune europeo di riferimento (QCER) elaborato dal Consiglio d\u2019Europa;<\/p>\n<p>\u2022 borse di studio offerte a cittadini bulgari da parte del Governo italiano e di scuole private;<\/p>\n<p>\u2022 mostre d\u2019arte contemporanea e antica, di fotografie e design;<\/p>\n<p>\u2022 spettacoli teatrali e musicali: danza, opera, musica classica, leggera, jazz, tradizionale<\/p>\n<p>\u2022 partecipazione a Festival culturali<\/p>\n<p>\u2022 convegni di carattere scientifico e culturale: medicina, fisica, storia, antropologia, letteratura, linguistica<\/p>\n<p>\u2022 rassegne cinematografiche, cinema d\u2019animazione e documentari<\/p>\n<p>\u2022 cooperazione scientifica con le principali Universit\u00e0 bulgare, attivazione di scambi, programmi Erasmus e Master congiunti Italia-Bulgaria.<\/p>\n<p>L\u2019attivit\u00e0 di promozione culturale italiana in Bulgaria pu\u00f2 contare anche sulla presenza di due lettori italiani inviati dal Ministero degli Affari Esteri presso la New Bulgarian University e l\u2019Universit\u00e0 di Sofia. Presenti anche 4 insegnanti italiani presso altrettanti istituti scolastici in Bulgaria (3 a Sofia ed uno a Plovdiv).<\/p>\n","protected":false},"excerpt":{"rendered":"La cultura \u00e8 un terreno privilegiato di cooperazione tra Italia e Bulgaria, anche sulla base del comune importante patrimonio artistico ed architettonico. Nel 2024 si celebra l\u2019anniversario dei 145 anni delle relazioni diplomatiche fra Italia e Bulgaria. Nel corso del 2019 ha una particolare rilevanza, sul piano della cooperazione culturale, il fatto che Matera e [&hellip;]","protected":false},"author":1,"featured_media":0,"parent":14,"menu_order":2,"comment_status":"closed","ping_status":"closed","template":"","meta":{"footnotes":""},"class_list":["post-44","page","type-page","status-publish","hentry"],"_links":{"self":[{"href":"https:\/\/ambsofia.esteri.it\/it\/wp-json\/wp\/v2\/pages\/44","targetHints":{"allow":["GET"]}}],"collection":[{"href":"https:\/\/ambsofia.esteri.it\/it\/wp-json\/wp\/v2\/pages"}],"about":[{"href":"https:\/\/ambsofia.esteri.it\/it\/wp-json\/wp\/v2\/types\/page"}],"author":[{"embeddable":true,"href":"https:\/\/ambsofia.esteri.it\/it\/wp-json\/wp\/v2\/users\/1"}],"replies":[{"embeddable":true,"href":"https:\/\/ambsofia.esteri.it\/it\/wp-json\/wp\/v2\/comments?post=44"}],"version-history":[{"count":3,"href":"https:\/\/ambsofia.esteri.it\/it\/wp-json\/wp\/v2\/pages\/44\/revisions"}],"predecessor-version":[{"id":8190,"href":"https:\/\/ambsofia.esteri.it\/it\/wp-json\/wp\/v2\/pages\/44\/revisions\/8190"}],"up":[{"embeddable":true,"href":"https:\/\/ambsofia.esteri.it\/it\/wp-json\/wp\/v2\/pages\/14"}],"wp:attachment":[{"href":"https:\/\/ambsofia.esteri.it\/it\/wp-json\/wp\/v2\/media?parent=44"}],"curies":[{"name":"wp","href":"https:\/\/api.w.org\/{rel}","templated":true}]}}