{"id":41,"date":"2023-04-11T18:07:19","date_gmt":"2023-04-11T16:07:19","guid":{"rendered":"https:\/\/ambasciatapraga.esteri.it\/?page_id=41"},"modified":"2026-02-19T11:10:29","modified_gmt":"2026-02-19T09:10:29","slug":"numeri-di-emergenza","status":"publish","type":"page","link":"https:\/\/ambsofia.esteri.it\/it\/chi-siamo\/numeri-di-emergenza\/","title":{"rendered":"Numeri di emergenza"},"content":{"rendered":"<p><strong>Al di fuori di tali orari, e solo per segnalazione di situazioni di grave e comprovata emergenza che richiedono interventi immediati e non differibili (quali incidenti, arresti, gravi problemi medici, calamit\u00e0 naturali, serie situazioni familiari), sono attivi i seguenti numeri di EMERGENZA:<\/strong><\/p>\n<ul>\n<li>Dal luned\u00ec al venerd\u00ec dalle 18.00 alle 22.00, il sabato la domenica ed i festivi dalle 08.00 alle 22.00 \u00e8 operativo il seguente numero in lingua italiana:\u00a0<strong>+359888466577<\/strong><\/li>\n<\/ul>\n<p>Dalle ore 22.00 alle ore 8.00 \u00e8 possibile contattare il numero di emergenza locale\u00a0<strong>112<\/strong>\u00a0(con cui \u00e8 possibile comunicare oltre che in bulgaro anche in inglese, francese e tedesco) o il funzionario di turno del Ministero degli Affari Esteri e della Cooperazione Internazionale al numero\u00a0<strong>+390636912666.<\/strong><\/p>\n","protected":false},"excerpt":{"rendered":"Al di fuori di tali orari, e solo per segnalazione di situazioni di grave e comprovata emergenza che richiedono interventi immediati e non differibili (quali incidenti, arresti, gravi problemi medici, calamit\u00e0 naturali, serie situazioni familiari), sono attivi i seguenti numeri di EMERGENZA: Dal luned\u00ec al venerd\u00ec dalle 18.00 alle 22.00, il sabato la domenica ed [&hellip;]","protected":false},"author":1,"featured_media":0,"parent":13,"menu_order":6,"comment_status":"closed","ping_status":"closed","template":"","meta":{"footnotes":""},"class_list":["post-41","page","type-page","status-publish","hentry"],"_links":{"self":[{"href":"https:\/\/ambsofia.esteri.it\/it\/wp-json\/wp\/v2\/pages\/41","targetHints":{"allow":["GET"]}}],"collection":[{"href":"https:\/\/ambsofia.esteri.it\/it\/wp-json\/wp\/v2\/pages"}],"about":[{"href":"https:\/\/ambsofia.esteri.it\/it\/wp-json\/wp\/v2\/types\/page"}],"author":[{"embeddable":true,"href":"https:\/\/ambsofia.esteri.it\/it\/wp-json\/wp\/v2\/users\/1"}],"replies":[{"embeddable":true,"href":"https:\/\/ambsofia.esteri.it\/it\/wp-json\/wp\/v2\/comments?post=41"}],"version-history":[{"count":5,"href":"https:\/\/ambsofia.esteri.it\/it\/wp-json\/wp\/v2\/pages\/41\/revisions"}],"predecessor-version":[{"id":12968,"href":"https:\/\/ambsofia.esteri.it\/it\/wp-json\/wp\/v2\/pages\/41\/revisions\/12968"}],"up":[{"embeddable":true,"href":"https:\/\/ambsofia.esteri.it\/it\/wp-json\/wp\/v2\/pages\/13"}],"wp:attachment":[{"href":"https:\/\/ambsofia.esteri.it\/it\/wp-json\/wp\/v2\/media?parent=41"}],"curies":[{"name":"wp","href":"https:\/\/api.w.org\/{rel}","templated":true}]}}