{"id":15,"date":"2023-04-11T17:08:57","date_gmt":"2023-04-11T15:08:57","guid":{"rendered":"https:\/\/ambasciatapraga.esteri.it\/?page_id=15"},"modified":"2025-01-20T10:32:34","modified_gmt":"2025-01-20T08:32:34","slug":"servizi-consolari-e-visti","status":"publish","type":"page","link":"https:\/\/ambsofia.esteri.it\/it\/servizi-consolari-e-visti\/","title":{"rendered":"Servizi Consolari e Visti"},"content":{"rendered":"<p>I servizi consolari sono erogati secondo principi di eguaglianza, imparzialit\u00e0, efficienza e trasparenza. I Consolati, oltre a tutelare gli interessi italiani fuori dai confini nazionali, assicurano a tutti i connazionali tutela in caso di violazione dei loro diritti fondamentali e di limitazione o privazione della loro libert\u00e0 personale. Detta tutela pu\u00f2 riguardare, ad esempio, i casi di decesso, incidente, malattia grave, arresto o detenzione, atti di violenza, assistenza in caso di crisi grave (catastrofi naturali, disordini civili, conflitti armati, ecc.), rilascio di documenti di viaggio d\u2019emergenza causa perdita o furto del passaporto.<\/p>\n<p>Il cittadino italiano pu\u00f2 esprimere una valutazione del servizio ricevuto dalla Rappresentanza diplomatico-consolare su un apposito registro pubblico disponibile in ogni Sede.<\/p>\n<p><strong>Cliccare sulle voci di men\u00f9 a destra per accedere alle informazioni sui servizi offerti da questo consolato.<\/strong><\/p>\n<ol>\n<li><a href=\"https:\/\/ambsofia.esteri.it\/it\/servizi-consolari-e-visti\/servizi-per-il-cittadino-italiano\/\"><strong>Servizi per il cittadino italiano<\/strong><\/a><\/li>\n<li><a href=\"https:\/\/ambsofia.esteri.it\/it\/servizi-consolari-e-visti\/servizi-per-il-cittadino-straniero\/\"><strong>Servizi per il cittadino straniero<\/strong><\/a><\/li>\n<\/ol>\n<p>Ulteriori informazioni sono a reperibili sul sito del Ministero degli Affari Esteri e della Cooperazione Internazionale \u2013 MAECI\u00a0<a href=\"https:\/\/www.esteri.it\/it\/servizi-consolari-e-visti\/\">https:\/\/www.esteri.it\/it\/servizi-consolari-e-visti\/<\/a><\/p>\n<p><a href=\"https:\/\/ambsofia.esteri.it\/wp-content\/uploads\/2025\/01\/Tabella-diritti-consolari-10.01.2025.xlsx.pdf\" target=\"_blank\" rel=\"noopener\">Clicca qui<\/a>\u00a0per scaricare il\u00a0tariffario degli atti pi\u00f9 comunemente\u00a0rilasciati dalla Cancelleria Consolare di Sofia.<\/p>\n<p>&nbsp;<\/p>\n<p><strong>Avviso pratiche AIRE (Anagrafica Italiani Residenti Estero)<\/strong><\/p>\n<p>Le domande di iscrizione Aire e le comunicazioni di aggiornamento di indirizzo nella stessa Circoscrizione consolare possono essere gestite direttamente dagli interessati grazie al portale\u00a0<a href=\"https:\/\/serviziconsolarionline.esteri.it\/ScoFE\/index.sco\">FAST IT<\/a>.<\/p>\n<p>Per una rapida gestione delle istanze, si invitano tutti i connazionali ad utilizzare\u00a0<a href=\"https:\/\/serviziconsolarionline.esteri.it\/ScoFE\/index.sco\">FAST IT<\/a>.<\/p>\n<p>&nbsp;<\/p>\n<p><strong>Avviso istanze di passaporto<\/strong><\/p>\n<p>Il passaporto pu\u00f2 essere richiesto alla Cancelleria consolare di Sofia dai cittadini residenti nella Circoscrizione Consolare oppure, in casi particolari, dai non residenti solo e\u00a0soltanto per comprovati\u00a0e\u00a0documentati motivi. In quest&#8217;ultimo caso sar\u00e0 necessario acquisire preventivamente la delega espressa da parte dell\u2019Ufficio competente per residenza, che potrebbe richiedere tempi pi\u00f9 lunghi.<\/p>\n<p>Il rilascio del passaporto \u00e8 sempre subordinato ad una verifica presso la Questura competente e quindi non \u00e8 mai a vista ma richiede il tempo necessario per ottenere la verifica.<br \/>\nDal novembre 2009 non \u00e8 pi\u00f9 possibile iscrivere i figli minori sul passaporto dei genitori e quindi il connazionale minore, fin dalla nascita, pu\u00f2 ottenere il rilascio di un passaporto. Inoltre, dal 26 giugno 2012, i minori possono viaggiare solo con un proprio passaporto anche se sono iscritti sul passaporto dei genitori.<\/p>\n<p>&nbsp;<\/p>\n<p><strong>Avviso istanze di cittadinanza<\/strong><\/p>\n<p>Il novellato art. 9-bis della legge 91\/92, sempre a decorrere dal 5 ottobre 2018, ha modificato l&#8217;importo del contributo cui sono soggette le istanze e le dichiarazioni di elezione, acquisto, riacquisto, rinuncia o concessione della cittadinanza italiana, introdotto dall&#8217;art. 1 della Legge n. 94\/2009, elevandolo da euro 200 (duecento) a euro 250 (duecentocinquanta). Pertanto, per le istanze presentate a partire dal 5 ottobre 2018 incluso, non in regola con il versamento, dovr\u00e0 essere richiesta l&#8217;integrazione di euro 50 (cinquanta). Tutte le domande inoltrate prima di tale data &#8211; seppur &#8220;accettate con riserva&#8221; &#8211; ricadono nella normativa previgente.<\/p>\n<p>Le domande inoltrate prima del 5 ottobre 2018 ricadono nella normativa previgente.<\/p>\n<p>&nbsp;<\/p>\n<p><strong>Riconoscimenti iure sanguinis<\/strong><\/p>\n<p>Il termine per la conclusione dei procedimenti di riconoscimento della cittadinanza iure sanguinis \u00e8 da intendersi confermato in 730 giorni anche nei casi di istanze fondate su fatti occorsi prima del 1948. Nessuna modifica risulta introdotta rispetto alla durata dei procedimenti di riconoscimento della cittadinanza iure sanguinis.<\/p>\n<p>&nbsp;<\/p>\n<p><strong>Naturalizzazioni<\/strong><br \/>\nTermine procedimentale.<\/p>\n<p>Al riguardo, il Ministero dell&#8217;Interno ha ribadito che il termine di definizione dei procedimenti di concessione della cittadinanza di cui agli artt. 5 e 9 della Legge 5 febbraio 1992 n. 91, \u00e8 elevato a quarantotto mesi dalla data di presentazione dell&#8217;istanza. Tale termine si applica ai procedimenti in corso, cio\u00e8 non ancora definiti al 5 ottobre 2018 (data di entrata in vigore del Decreto n. 113 citato), sia che il previgente termine biennale sia decorso, sia che esso non risulti ancora spirato.<\/p>\n<p>&nbsp;<\/p>\n<p><strong>Requisiti linguistici<\/strong><\/p>\n<p>La legge di conversione (in vigore dal 4 dicembre 2018) ha introdotto l&#8217;art. 9.1 alla legge 5 febbraio 1992, n. 91. Detta disposizione prevede, quale condizione per il riconoscimento della cittadinanza ai sensi degli artt. 5 e 9 della suddetta legge, il possesso di un&#8217;adeguata conoscenza della lingua italiana, non inferiore al livello B1 del Quadro comune di riferimento per la conoscenza delle lingue. L&#8217;accertamento di detto requisito va effettuato attraverso l&#8217;acquisizione di:<\/p>\n<ul>\n<li>Un titolo di studio rilasciato da un istituto di istruzione pubblico o paritario; ovvero<\/li>\n<li>Una certificazione rilasciata da un ente certificatore.<\/li>\n<\/ul>\n<p>Al momento possono considerarsi sicuramente enti certificatori, appartenenti al sistema di certificazione unificato CLIQ (Certificazione Lingua Italiana di Qualit\u00e0):<\/p>\n<ul>\n<li>L&#8217;Universit\u00e0 per stranieri di Siena<\/li>\n<li>L&#8217;Universit\u00e0 per stranieri di Perugia<\/li>\n<li>L&#8217;Universit\u00e0 Roma Tre<\/li>\n<li>La Societ\u00e0 Dante Alighieri.<\/li>\n<\/ul>\n<p>Potranno, pertanto, essere considerate valide ai sensi della norma citata le certificazioni di livello non inferiore a B1 rilasciate dai suddetti enti, eventualmente in regime di collaborazione con i locali Istituti italiani di cultura.<\/p>\n<p>Tale requisito trova applicazione a decorrere dal 4 dicembre 2018, e quindi per le istanze presentate a partire da tale data. Non \u00e8, invece, richiesto per i procedimenti avviati precedentemente e gi\u00e0 in corso<strong>.<\/strong><\/p>\n<p><strong>Abrogazione del silenzio-assenso<\/strong><br \/>\nIl d.l. 113 ha abrogato la disposizione dell&#8217;art. 8 comma 2 della Legge n. 91\/1992, che precludeva il rigetto dell&#8217;istanza di conferimento della cittadinanza per matrimonio una volta decorso il biennio dalla presentazione della domanda. Pertanto non\u00a0 pi\u00f9 configurabile il silenzio-assenso da parte dell&#8217;Amministrazione sulla istanza del cittadino straniero coniugato con cittadino italiano allo scadere del termine, mentre \u00e8 fatto salvo il potere di diniego del nostro status civitatis, da parte del competente Dicastero, anche dopo lo spirare del limite temporale.<\/p>\n<p><strong>Avviso: Assistenza sanitaria in Bulgaria per i cittadini in possesso di assicurazione sanitaria UE (<\/strong><a href=\"https:\/\/ambsofia.esteri.it\/wp-content\/uploads\/2023\/11\/comunicato_ministero_del_turismo_bulgaria.pdf\"><strong>leggi la nota<\/strong><\/a><strong>).<\/strong><\/p>\n<p><strong>Avviso consolare:<\/strong> Attribuzione cognome materno<\/p>\n","protected":false},"excerpt":{"rendered":"I servizi consolari sono erogati secondo principi di eguaglianza, imparzialit\u00e0, efficienza e trasparenza. I Consolati, oltre a tutelare gli interessi italiani fuori dai confini nazionali, assicurano a tutti i connazionali tutela in caso di violazione dei loro diritti fondamentali e di limitazione o privazione della loro libert\u00e0 personale. Detta tutela pu\u00f2 riguardare, ad esempio, i [&hellip;]","protected":false},"author":1,"featured_media":0,"parent":0,"menu_order":6,"comment_status":"closed","ping_status":"closed","template":"","meta":{"footnotes":""},"class_list":["post-15","page","type-page","status-publish","hentry"],"_links":{"self":[{"href":"https:\/\/ambsofia.esteri.it\/it\/wp-json\/wp\/v2\/pages\/15","targetHints":{"allow":["GET"]}}],"collection":[{"href":"https:\/\/ambsofia.esteri.it\/it\/wp-json\/wp\/v2\/pages"}],"about":[{"href":"https:\/\/ambsofia.esteri.it\/it\/wp-json\/wp\/v2\/types\/page"}],"author":[{"embeddable":true,"href":"https:\/\/ambsofia.esteri.it\/it\/wp-json\/wp\/v2\/users\/1"}],"replies":[{"embeddable":true,"href":"https:\/\/ambsofia.esteri.it\/it\/wp-json\/wp\/v2\/comments?post=15"}],"version-history":[{"count":6,"href":"https:\/\/ambsofia.esteri.it\/it\/wp-json\/wp\/v2\/pages\/15\/revisions"}],"predecessor-version":[{"id":9966,"href":"https:\/\/ambsofia.esteri.it\/it\/wp-json\/wp\/v2\/pages\/15\/revisions\/9966"}],"wp:attachment":[{"href":"https:\/\/ambsofia.esteri.it\/it\/wp-json\/wp\/v2\/media?parent=15"}],"curies":[{"name":"wp","href":"https:\/\/api.w.org\/{rel}","templated":true}]}}