{"id":14,"date":"2023-04-11T17:08:52","date_gmt":"2023-04-11T15:08:52","guid":{"rendered":"https:\/\/ambasciatapraga.esteri.it\/?page_id=14"},"modified":"2024-10-24T11:32:03","modified_gmt":"2024-10-24T08:32:03","slug":"italia-e-bulgaria","status":"publish","type":"page","link":"https:\/\/ambsofia.esteri.it\/it\/italia-e-bulgaria\/","title":{"rendered":"Italia e Bulgaria"},"content":{"rendered":"<p>Nel 2024 si celebra l\u2019anniversario dei 145 anni delle relazioni diplomatiche fra Italia e Bulgaria. Gli eccellenti rapporti tra i due Paesi si contraddistinguono per una particolare amicizia e vicinanza, rese pi\u00f9 solide anche da intense relazioni commerciali e dalla comune appartenenza all\u2019Unione Europea ed alla NATO.<\/p>\n<p>Le relazioni diplomatiche tra i due Paesi furono stabilite poco dopo la liberazione della Bulgaria dalla dominazione ottomana e la firma del Trattato di Berlino del 13 luglio 1878 quando venne creato il Principato autonomo di Bulgaria.<\/p>\n<p>Il 3 luglio 1879 Domenico Brunenghi venne accreditato presso il principe Alessandro I di Bulgaria in qualit\u00e0 di reggente l\u2019agenzia e Consolato in Sofia. Da allora 36 diplomatici italiani, a vario titolo, si sono alternati in qualit\u00e0 di Capi Missione dell\u2019Ambasciata d\u2019Italia a Sofia.<\/p>\n<p>Gi\u00e0 prima del formale avvio delle relazioni tra i due Paesi, era Vice Console italiano a Sofia (al tempo sotto il dominio ottomano) Vito Positano. Positano, nella fase finale della guerra russo-turca al termine del 1877, in qualit\u00e0 di decano del Corpo Consolare straniero a Sofia rifiut\u00f2 di obbedire all\u2019ordine di evacuazione del comandante delle forze turche Osman Pasci\u00e0, che intendeva incendiare la citt\u00e0 prima dell\u2019arrivo dell\u2019esercito russo. Il Vice Console italiano, insieme ai colleghi di Francia e di Austria-Ungheria, riun\u00ec un gruppo di volontari bulgari che intervenne in diversi punti della citt\u00e0, salvando Sofia dall&#8217;incendio gi\u00e0 appiccato. A seguito di questo atto eroico, il 28 maggio 1878, Vito Positano fu nominato cittadino onorario della nuova capitale e gli fu dedicata una piazza nel centro di Sofia. Risulta davvero difficile immaginare un modo migliore per iniziare i rapporti diplomatici e di amicizia tra due Paesi!<\/p>\n<p>Negli anni pi\u00f9 recenti il dialogo politico ha conosciuto una fase di rilancio, culminata nella visita ufficiale a Sofia del Capo dello Stato, Sergio Mattarella nel 2016. Il Presidente Mattarella ha ricevuto poi a sua volta al Quirinale il Presidente della Repubblica di Bulgaria Rumen Radev nel 2017 e poi nel 2021. A livello governativo, il Primo Ministro bulgaro Boyko Borissov \u00e8 stato ricevuto a Roma nel 2017 dall\u2019allora Presidente del Consiglio dei Ministri Paolo Gentiloni. Nel corso del 2020 sino recati in visita ufficiale a Sofia il Presidente del consiglio dei ministri Giuseppe Conte in gennaio ed il ministro per gli Affari esteri e la Cooperazione Internazionale Luigi Di Maio in luglio. Ad aprile 2022 in visita con incontri bilaterali a Sofia \u00e8 stato il Sottosegretario di Stato per gli Affari Europei Vincenzo Amendola. A maggio 2022, l\u2019on. Roberto Fico, Presidente della Camera dei Deputati ha effettuato una visita in Bulgaria. Nel novembre 2022, il Sottosegretario di Stato agli Affari Esteri Maria Tripodi si \u00e8 recata a Sofia per partecipare al vertice InCE. Spicca tra tutte la visita del Presidente della Repubblica italiana\u00a0Sergio Mattarella\u00a0ad aprile del 2024.<\/p>\n<p>La cultura \u00e8 un terreno privilegiato di cooperazione tra Italia e Bulgaria, anche sulla base del comune importante patrimonio artistico ed architettonico. I rapporti bilaterali sono molto vivaci ed intensi con moltissimi eventi e scambi culturali. Nel 2019 le due citt\u00e0 di Matera e Plovdiv sono state gemellate in qualit\u00e0 di Capitali Europee della Cultura.<\/p>\n<p>Per quanto concerne i rapporti economici e commerciali, la Bulgaria rappresenta un importante mercato per l\u2019Italia, sia in termini di sbocco del \u201cMade in Italy\u201d che di investimenti produttivi. Nel 2023, l\u2019Italia \u00e8 stata il quarto partner commerciale della Bulgaria, dopo la Germania, la Romania e la Turchia. Secondo i dati pi\u00f9 recenti rilevati da Confindustria Bulgaria, in Bulgaria operano inoltre circa 13000 aziende a partecipazione italiana, con un fatturato complessivo di 5 miliardi di Euro, che contribuiscono ad oltre 60 mila posti di lavoro nel Paese.<\/p>\n","protected":false},"excerpt":{"rendered":"Nel 2024 si celebra l\u2019anniversario dei 145 anni delle relazioni diplomatiche fra Italia e Bulgaria. Gli eccellenti rapporti tra i due Paesi si contraddistinguono per una particolare amicizia e vicinanza, rese pi\u00f9 solide anche da intense relazioni commerciali e dalla comune appartenenza all\u2019Unione Europea ed alla NATO. Le relazioni diplomatiche tra i due Paesi furono [&hellip;]","protected":false},"author":1,"featured_media":0,"parent":0,"menu_order":4,"comment_status":"closed","ping_status":"closed","template":"","meta":{"footnotes":""},"class_list":["post-14","page","type-page","status-publish","hentry"],"_links":{"self":[{"href":"https:\/\/ambsofia.esteri.it\/it\/wp-json\/wp\/v2\/pages\/14","targetHints":{"allow":["GET"]}}],"collection":[{"href":"https:\/\/ambsofia.esteri.it\/it\/wp-json\/wp\/v2\/pages"}],"about":[{"href":"https:\/\/ambsofia.esteri.it\/it\/wp-json\/wp\/v2\/types\/page"}],"author":[{"embeddable":true,"href":"https:\/\/ambsofia.esteri.it\/it\/wp-json\/wp\/v2\/users\/1"}],"replies":[{"embeddable":true,"href":"https:\/\/ambsofia.esteri.it\/it\/wp-json\/wp\/v2\/comments?post=14"}],"version-history":[{"count":6,"href":"https:\/\/ambsofia.esteri.it\/it\/wp-json\/wp\/v2\/pages\/14\/revisions"}],"predecessor-version":[{"id":9406,"href":"https:\/\/ambsofia.esteri.it\/it\/wp-json\/wp\/v2\/pages\/14\/revisions\/9406"}],"wp:attachment":[{"href":"https:\/\/ambsofia.esteri.it\/it\/wp-json\/wp\/v2\/media?parent=14"}],"curies":[{"name":"wp","href":"https:\/\/api.w.org\/{rel}","templated":true}]}}