{"id":100,"date":"2023-04-11T18:24:48","date_gmt":"2023-04-11T16:24:48","guid":{"rendered":"https:\/\/ambasciatapraga.esteri.it\/?page_id=100"},"modified":"2024-04-15T13:23:33","modified_gmt":"2024-04-15T10:23:33","slug":"turismo","status":"publish","type":"page","link":"https:\/\/ambsofia.esteri.it\/it\/italia-e-bulgaria\/diplomazia-culturale\/turismo\/","title":{"rendered":"Turismo"},"content":{"rendered":"<p><strong>Turismo in Italia <\/strong><\/p>\n<p>Non perdere l\u2019occasione di viaggiare in Italia vivendo esperienze incredibili. Luoghi incontaminati da scoprire, borghi, laghi, spiagge assolate e mille altre localit\u00e0 incantevoli da aggiungere ai tuoi itinerari di viaggi. Visita nuovi luoghi e citt\u00e0, esplora la magia di destinazioni meravigliose.\u00a0Partire e andare. A ogni angolo una sorpresa, a ogni vicolo a fondo cieco una storia da scoprire. Che siate appassionati d\u2019arte, amanti dei sentieri di montagna, devoti pellegrini o massimi esperti del godersi la vita: in Italia costruire un itinerario di viaggio, che soddisfi le curiosit\u00e0 anche dei pi\u00f9 esigenti, \u00e8 un gioco da ragazzi. (Fonte: <a href=\"https:\/\/www.italia.it\/it\/italia\">Italia.it<\/a>)<\/p>\n<p>Per pianificare il vostro itinerario, visitate il sito web <strong><a href=\"https:\/\/www.italia.it\/it\/italia\" target=\"_blank\" rel=\"noopener\">Italia.it<\/a><\/strong> dove troverete una variet\u00e0 di idee concrete, informazioni per eventi culturali, panoramiche delle regioni italiane con le loro mete da non perdere e ricchezze nascoste.<\/p>\n<p>Secondo i dati ufficiali di Eurostat, nel 2023 l\u2019Italia \u00e8 stata la seconda destinazione per presenze internazionali (e totali) in Europa. Lombardia, Lazio, Veneto e Toscana sono state le principali mete del turismo internazionale, sia in termini di arrivi che di pernottamenti e anche di spesa turistica dall\u2019estero, che nel 2023 ha raggiunto nel totale Italia i 51,6 miliardi di euro. Il turismo in Italia nel 2023 ha segnato una netta crescita e ripresa rispetto al passato, con oltre 125 milioni di arrivi turistici nelle strutture ricettive in Italia (+5,5% rispetto al 2022), di cui 62,8 milioni di turisti stranieri (+14,0% rispetto al 2022). (Fonte: Enit). il turismo genera direttamente circa il 5% del PIL e incide indirettamente sul 13% dello stesso; rappresenta direttamente il 6% e indirettamente il 15% dell\u2019occupazione totale.<\/p>\n<p>L\u2019imponenza di questo settore economico si deve all\u2019enorme patrimonio artistico e naturalistico italiano. Nel 2020 si contano 4.265 musei e istituzioni similari aperti, pubblici e privati:\u00a03.337 musei, 295 aree archeologiche e 633 monumenti o complessi monumentali. I Comuni italiani che ospitano almeno una struttura a carattere museale sono quasi 2.400. Vi sono inoltre migliaia di luoghi di culto, borghi medievali, palazzi e residenze di interesse storico disseminati su tutto il territorio nazionale.<\/p>\n<p>Si conferma la ricchezza del patrimonio culturale quale driver principale di scelta per il turista che ha visitato l\u2019Italia (24%), seguito dalle bellezze naturali (20%). In costante crescita \u00e8 stata la motivazione legata agli eventi sul territorio (culturali, religiosi, sportivi ecc.), \u201cattrattori\u201d di oltre il 6,5% dei turisti (55 milioni di presenze tra italiani e stranieri), cluster questo, peraltro, caratterizzato da una propensione agli acquisti superiore alla media (93 euro le spese effettuate sul territorio, escluso viaggio e alloggio a fronte di una media di 65 euro, per consumi stimati pari a 7,8 miliardi di euro (9,3% del totale).&#8221;<\/p>\n<p>Dello studio sulle imprese commissionato da ENIT-Unioncamere a ISNART si stima che nel 2023 si siano registrate in Italia 851 milioni di presenze (in strutture ricettive e abitazioni private) che hanno generato un impatto economico sui territori di oltre 84 miliardi di euro. Rispetto al 2022, si registra un aumento del +2,7% di flussi che per\u00f2 ancora non eguaglia i risultati del 2019, anno record del settore. Si registra un andamento positivo della domanda internazionale (+10% rispetto al 2019 e +7% rispetto al 2022). Gli stranieri hanno speso in media sui territori 68 euro al giorno a persona, pi\u00f9 degli italiani, che si sono attestati intorno ai 62 euro, registrando un saldo positivo di quasi il 3% (2,9) nei consumi turistici complessivi, rispetto al dato 2022. In crescita, oltre alle spese per l\u2019alloggio (+33%), anche quelle per il settore dell\u2019abbigliamento e del manifatturiero (+13%).<\/p>\n","protected":false},"excerpt":{"rendered":"Turismo in Italia Non perdere l\u2019occasione di viaggiare in Italia vivendo esperienze incredibili. Luoghi incontaminati da scoprire, borghi, laghi, spiagge assolate e mille altre localit\u00e0 incantevoli da aggiungere ai tuoi itinerari di viaggi. Visita nuovi luoghi e citt\u00e0, esplora la magia di destinazioni meravigliose.\u00a0Partire e andare. A ogni angolo una sorpresa, a ogni vicolo a [&hellip;]","protected":false},"author":1,"featured_media":0,"parent":44,"menu_order":0,"comment_status":"closed","ping_status":"closed","template":"","meta":{"footnotes":""},"class_list":["post-100","page","type-page","status-publish","hentry"],"_links":{"self":[{"href":"https:\/\/ambsofia.esteri.it\/it\/wp-json\/wp\/v2\/pages\/100","targetHints":{"allow":["GET"]}}],"collection":[{"href":"https:\/\/ambsofia.esteri.it\/it\/wp-json\/wp\/v2\/pages"}],"about":[{"href":"https:\/\/ambsofia.esteri.it\/it\/wp-json\/wp\/v2\/types\/page"}],"author":[{"embeddable":true,"href":"https:\/\/ambsofia.esteri.it\/it\/wp-json\/wp\/v2\/users\/1"}],"replies":[{"embeddable":true,"href":"https:\/\/ambsofia.esteri.it\/it\/wp-json\/wp\/v2\/comments?post=100"}],"version-history":[{"count":3,"href":"https:\/\/ambsofia.esteri.it\/it\/wp-json\/wp\/v2\/pages\/100\/revisions"}],"predecessor-version":[{"id":8197,"href":"https:\/\/ambsofia.esteri.it\/it\/wp-json\/wp\/v2\/pages\/100\/revisions\/8197"}],"up":[{"embeddable":true,"href":"https:\/\/ambsofia.esteri.it\/it\/wp-json\/wp\/v2\/pages\/44"}],"wp:attachment":[{"href":"https:\/\/ambsofia.esteri.it\/it\/wp-json\/wp\/v2\/media?parent=100"}],"curies":[{"name":"wp","href":"https:\/\/api.w.org\/{rel}","templated":true}]}}