{"id":915,"date":"2023-10-26T16:20:36","date_gmt":"2023-10-26T13:20:36","guid":{"rendered":"https:\/\/ambsofia.esteri.it\/servizi-consolari-e-visti\/servizi-per-il-cittadino-straniero\/cittadinanza\/nuovo-procedimento-di-cittadinanza-per-matrimonio\/"},"modified":"2025-10-24T10:58:19","modified_gmt":"2025-10-24T07:58:19","slug":"nuovo-procedimento-di-cittadinanza-per-matrimonio","status":"publish","type":"page","link":"https:\/\/ambsofia.esteri.it\/en\/servizi-consolari-e-visti\/servizi-per-il-cittadino-straniero\/cittadinanza\/nuovo-procedimento-di-cittadinanza-per-matrimonio\/","title":{"rendered":"Cittadinanza per matrimonio\/unione civile"},"content":{"rendered":"<ol>\n<li><a href=\"#Cenni_normativi\">Cenni normativi<\/a><\/li>\n<li><a href=\"#Requisiti\">Requisiti<\/a><\/li>\n<li><a href=\"#Documenti\">Documenti<\/a><\/li>\n<li><a href=\"#Procedura\">Procedura<\/a><\/li>\n<\/ol>\n<ul>\n<li><a href=\"#Fase1\">Fase 1 registrazione e inserimento istanza<\/a><\/li>\n<li><a href=\"#Fase2\">Fase 2 verifica consolare<\/a><\/li>\n<li><a href=\"#Fase3\">Fase 3 valutazione e termini del procedimento<\/a><\/li>\n<li><a href=\"#Fase4\">Fase 4 decreto, notifica e giuramento<\/a><\/li>\n<\/ul>\n<ol start=\"5\">\n<li><a href=\"#Costi\">Costi<\/a><\/li>\n<li><a href=\"#Contattielinkutili\">Contatti e link utili<\/a><\/li>\n<\/ol>\n<p>&nbsp;<\/p>\n<p><strong id=\"Cenni_normativi\">1.Cenni normativi<\/strong><\/p>\n<p><em>In conformit\u00e0 alla normativa in vigore, che richiede la conoscenza della lingua italiana, le informazioni relative alla cittadinanza per matrimonio vengono fornite in italiano.<\/em><\/p>\n<p><em>Coloro che richiedono la cittadinanza italiana per matrimonio o unione civile devono essere a conoscenza dei doveri nei confronti della Repubblica italiana, primi fra tutti l\u2019adesione ai valori nazionali e l\u2019irreprensibilit\u00e0 della condotta.<\/em><\/p>\n<p>L\u2019acquisto della cittadinanza italiana da parte del coniuge straniero o apolide che abbia contratto matrimonio con cittadino italiano a partire dal 27 aprile 1983 \u00e8 attualmente regolato dalla Legge 5 febbraio 1992 n. 91 (artt. 5, 6, 7 e 8) e successive modifiche.<\/p>\n<p>Le richieste di cittadinanza italiana possono essere presentate anche da parte del cittadino o della cittadina stranieri che hanno costituito un\u2019unione civile con cittadino\/a italiano\/a trascritta nei registri dello stato civile del Comune italiano (D. Lgs. 5, 6 e 7\/ 2017).<\/p>\n<p>Il coniuge\/parte dell\u2019unione civile straniero pu\u00f2 acquistare la cittadinanza italiana su domanda, in presenza dei requisiti stabiliti dalla normativa vigente, come spiegato nelle sezioni successive.<\/p>\n<p>Riferimenti normativi:<\/p>\n<ul>\n<li>Legge n. 123\/1983<\/li>\n<li>Legge n. 91\/1992 e DPR n. 572\/1993 e n. 362\/1994<\/li>\n<li>Legge n. 94\/2009<\/li>\n<li>Legge n. 76\/2016 e D.Lgs. n. 5, 6 e 7\/2017<\/li>\n<li>L. n. 113\/2018 e Legge n. 132\/2018<\/li>\n<li><a href=\"https:\/\/www.normattiva.it\/uri-res\/N2Ls?urn:nir:stato:decreto.legge:2020-10-21;130\">L. n. 130\/2020<\/a> e Legge n. 173\/2020<\/li>\n<\/ul>\n<p>&nbsp;<\/p>\n<p><strong id=\"Requisiti\">2.Requisiti per la richiesta della cittadinanza<\/strong><\/p>\n<p><strong><u>Residenza<\/u> nella circoscrizione consolare:<\/strong><\/p>\n<ul>\n<li>Il richiedente dovr\u00e0 indirizzare la domanda alla Rappresentanza diplomatico-consolare competente per la sua residenza, esclusivamente attraverso l\u2019apposito applicativo informatico (vedi oltre: Punto 4, Procedura, Fase 1 \u2013 Registrazione e inserimento istanza).<\/li>\n<li>Il coniuge\/parte dell\u2019unione civile di nazionalit\u00e0 italiana deve essere residente e regolarmente iscritto all\u2019Anagrafe degli Italiani residenti all\u2019estero (A.I.R.E.) della circoscrizione consolare di competenza e convivente allo stesso indirizzo del richiedente la cittadinanza. In caso contrario, dovr\u00e0 essere fornita da entrambi i coniugi documentazione comprovante la motivazione (es. lavoro, scolarit\u00e0 dei figli, cure mediche o altro), che determina o ha determinato la necessit\u00e0 del domicilio disgiunto.<\/li>\n<\/ul>\n<p><strong><u>Termini di presentazione<\/u>:<\/strong><\/p>\n<ul>\n<li>La domanda pu\u00f2 essere presentata tre anni dopo la celebrazione del matrimonio\/unione civile, se il coniuge \u00e8 cittadino italiano <em>iure sanguinis, <\/em>cio\u00e8 dalla nascita. Se il coniuge italiano ha acquisito la cittadinanza successivamente al matrimonio (ad es. per residenza in Italia), i tre anni decorrono dalla data della naturalizzazione del coniuge. I tre anni vengono ridotti a un anno e mezzo in presenza di figli nati o adottati dai coniugi.<\/li>\n<\/ul>\n<p><strong><u>Trascrizione e validit\u00e0 del matrimonio\/unione civile<\/u><\/strong>:<\/p>\n<ul>\n<li>Se avvenuto all&#8217;estero, deve essere stato precedentemente trascritto presso un Comune in Italia.<\/li>\n<li>Il vincolo di coniugio\/unione civile deve rimanere valido e stabile fino all\u2019adozione del provvedimento di concessione della cittadinanza. Al fine del conferimento della cittadinanza italiana, alla data di adozione del decreto non deve essere intervenuto lo scioglimento del matrimonio\/unione civile per separazione personale o divorzio. Invece, il decesso del coniuge dopo la presentazione della domanda di cittadinanza non comporta la decadenza dal beneficio.<\/li>\n<\/ul>\n<p><strong><u>Situazione penale:<\/u><\/strong><\/p>\n<ul>\n<li>Assenza di sentenze di condanna da parte delle Autorit\u00e0 giudiziarie italiane per reati per i quali sia prevista una pena superiore a tre anni di reclusione.<\/li>\n<li>Assenza di sentenze di condanna da parte delle Autorit\u00e0 giudiziarie straniere ad una pena superiore ad un anno per reati non politici.<\/li>\n<li>Assenza di condanne per delitti contro la personalit\u00e0 dello Stato e di motivi ostativi per la sicurezza della Repubblica.<\/li>\n<\/ul>\n<p><strong><u>Conoscenza della lingua italiana non inferiore a livello B1 del Quadro Comune Europeo di Riferimento (QCER)<\/u><\/strong><\/p>\n<p><strong><u>Pagamento delle tasse e percezioni indicate nelle sezioni Documenti e Costi<\/u><\/strong><\/p>\n<p>&nbsp;<\/p>\n<ol start=\"3\">\n<li><strong id=\"Documenti\">Documenti necessari per la richiesta di cittadinanza<\/strong><\/li>\n<\/ol>\n<ul>\n<li>Estratto dell\u2019atto di nascita o equivalente, in originale, rilasciato possibilmente da non oltre sei mesi dal Paese in cui si \u00e8 nati, completo di tutte le generalit\u00e0 (incluse paternit\u00e0 e maternit\u00e0), debitamente legalizzato\/apostillato e tradotto in lingua italiana.<\/li>\n<\/ul>\n<p>In caso di atto di nascita bulgaro, se redatto in formato plurilingue in base alla Convenzione di Vienna del 1976, non occorrer\u00e0 alcuna legalizzazione\/apostille\/traduzione.<\/p>\n<ul>\n<li>Certificati Penali del Paese di origine, degli eventuali Paesi terzi di residenza (a partire dai 14 anni d\u2019et\u00e0) \u2013 tranne l\u2019Italia \u2013 e dei Paesi di cui si possiede la cittadinanza, in originale, rilasciati inderogabilmente da non oltre sei mesi prima della presentazione della domanda, debitamente legalizzati\/apostillati e tradotti in lingua italiana.<\/li>\n<\/ul>\n<p>Il richiedente \u00e8 esonerato dal presentare il certificato penale del Paese di origine solo se lo ha lasciato prima del compimento dei 14 anni e <u>non<\/u> ne ha conservato la cittadinanza.<\/p>\n<ul>\n<li>Documento di identit\u00e0: fotocopia del passaporto oppure della carta di identit\u00e0 estera in corso di validit\u00e0 (pagine con i dati personali, fotografia, date di rilascio e scadenza).<\/li>\n<li>Copia dell\u2019atto di matrimonio o estratto per riassunto del registro dei matrimoni, da richiedere al competente Comune italiano in cui l\u2019atto risulta trascritto, possibilmente rilasciato da non oltre sei mesi.<\/li>\n<\/ul>\n<p><u>NOTA BENE<\/u>: Qualora il richiedente sia un cittadino UE, potr\u00e0 avvalersi dell\u2019autocertificazione ai sensi del DPR 445\/2000.<\/p>\n<ul>\n<li><strong>Certificato di conoscenza della lingua italiana<\/strong> non inferiore al livello B1 del Quadro Comune Europeo di Riferimento (QCER). <u>Le certificazioni ammesse sono esclusivamente le seguenti<\/u>:<\/li>\n<li>PLIDA della Societ\u00e0 Dante Alighieri<\/li>\n<li>CertIt dell\u2019Universit\u00e0 Roma Tre<\/li>\n<li>CILS dell\u2019Universit\u00e0 per stranieri di Siena<\/li>\n<li>CELI dell\u2019Universit\u00e0 per stranieri di Perugia<\/li>\n<li>Co.L dell\u2019Universit\u00e0 per stranieri di Reggio Calabria<\/li>\n<\/ul>\n<p>Altre certificazioni provenienti dai suddetti Enti o da altre istituzioni non sono idonee e non potranno essere accettate.<\/p>\n<p>Non sono, invece, tenuti alla presentazione del titolo di conoscenza della lingua italiana:<\/p>\n<ul>\n<li>Gli stranieri (anche se residenti all\u2019estero) che abbiano sottoscritto l\u2019Accordo di integrazione di cui all\u2019art. 4 bis del D.Lgs. n. 286\/1998 Testo Unico Immigrazione.<\/li>\n<li>I titolari di permesso di soggiorno per soggiornanti di lungo periodo UE (o CE) di cui all\u2019articolo 9 del medesimo Testo Unico (anche se residenti all\u2019estero), solo se rilasciato dalle Autorit\u00e0 italiane. I permessi di soggiorno per motivi familiari o quelli emessi da altri Stati non sono idonei.<\/li>\n<li>Coloro che hanno conseguito un titolo di studio emesso da un istituto di istruzione pubblico o paritario riconosciuto dal Ministero dell\u2019Istruzione, dell\u2019Universit\u00e0 e della Ricerca e\/o dal Ministero degli Affari Esteri e della Cooperazione internazionale.<\/li>\n<\/ul>\n<p>&nbsp;<\/p>\n<ol start=\"4\">\n<li><strong id=\"Procedura\">Procedura<\/strong><\/li>\n<\/ol>\n<p style=\"text-align: center;\"><em id=\"Fase1\">FASE 1 \u2013 <\/em>REGISTRAZIONE E INSERIMENTO ISTANZA<\/p>\n<p>Il richiedente residente all\u2019estero dovr\u00e0 effettuare la registrazione sul portale del Ministero dell\u2019Interno (<u>https:\/\/portaleservizi.dlci.interno.it\/AliCittadinanza\/ali\/home.htm<\/u>) senza l\u2019utilizzo di SPID ma con il proprio indirizzo e-mail.<\/p>\n<p>Si precisa che l\u2019indirizzo e-mail dichiarato sul portale in fase di inoltro della domanda online costituisce domicilio eletto (art. 47 c.c.), si rende pertanto necessaria una frequente consultazione della propria casella di posta elettronica in quanto tutte le comunicazioni relative alla domanda di cittadinanza, ivi comprese richieste di integrazione documentale, convocazioni, notifiche di provvedimenti, ecc. avverranno unicamente tramite canale informatico.<\/p>\n<p><strong>Il richiedente \u00e8 tenuto a registrare i propri dati con la massima attenzione in quanto questi non potranno essere modificati e, in caso di errore, si dovr\u00e0 procedere ad una nuova registrazione con altro indirizzo e-mail. <\/strong>In particolare, andranno riportate le generalit\u00e0 indicate nell\u2019atto di nascita (incluse eventuali annotazioni) e\/o in atti e documenti formati all\u2019estero dalle competenti autorit\u00e0 straniere (quali atti di matrimonio, documenti d\u2019identit\u00e0, sentenze di cambio nome\/cognome, etc.). <em>In caso di discordanze, il richiedente \u00e8 tenuto a fornire opportuna documentazione giustificativa.<\/em><\/p>\n<p>Nella domanda dovr\u00e0 essere dichiarata l&#8217;eventuale convivenza di figli minori del\/della richiedente, nati da una precedente relazione.<\/p>\n<p>Si dovranno dichiarare tutte le residenze dal quattordicesimo anno e non lasciare periodi di tempo non dichiarati.<\/p>\n<p>Non andranno riportati caratteri o segni speciali (per esempio la cediglia, accenti acuti o gravi all\u2019interno della parola, accenti circonflessi, etc.). Sar\u00e0 possibile inserire solo l\u2019accento sull\u2019ultima lettera utilizzando l\u2019apostrofo, qualora ci sia anche nella lingua di origine.<\/p>\n<p style=\"text-align: center;\"><em id=\"Fase2\">FASE 2 \u2013 <\/em>VERIFICA CONSOLARE<\/p>\n<p>L\u2019Ufficio Consolare sar\u00e0 automaticamente informato della presentazione della domanda e proceder\u00e0 alle necessarie verifiche. Il richiedente ricever\u00e0 quindi, in modalit\u00e0 telematica tramite il portale del Ministero dell\u2019Interno, una comunicazione relativa all\u2019accettazione o al rifiuto della propria pratica.<\/p>\n<p>In caso di rifiuto della domanda, si potr\u00e0 ripresentare la domanda avendo cura di sanare gli errori indicati nel rifiuto stesso e si potranno riutilizzare i pagamenti gi\u00e0 effettuati, se si ripresenta la domanda entro un anno.<\/p>\n<p>In caso di accettazione, il richiedente sar\u00e0 convocato per via telematica presso la Rappresentanza diplomatico-consolare per l\u2019autentica della firma apposta sulla domanda di cittadinanza, per la consegna di tutta la documentazione cartacea in originale, ivi compresa quella gi\u00e0 trasmessa per via telematica tramite il Portale, per la riscossione delle percezioni consolari previste.<\/p>\n<p>Tutta la documentazione di cui sopra sar\u00e0 conservata in originale dalla Rappresentanza diplomatico-consolare, ad eccezione del documento d\u2019identit\u00e0 e del certificato linguistico, per i quali verr\u00e0 effettuata una copia conforme con relativi pagamenti.<\/p>\n<p style=\"text-align: center;\"><em id=\"Fase3\">FASE 3 \u2013 <\/em>VALUTAZIONE E TERMINI DEL PROCEDIMENTO<\/p>\n<p>La valutazione della domanda e la definizione del procedimento sono di esclusiva competenza del Ministero dell\u2019Interno, entro 24 mesi dalla data di presentazione della domanda, prorogabili fino al massimo di 36 mesi. Qualora al termine della valutazione della pratica il procedimento si concluda positivamente, il Ministero dell\u2019Interno invier\u00e0 il decreto di conferimento della cittadinanza italiana alla Rappresentanza diplomatico-consolare competente per residenza dell\u2019interessato\/a.<\/p>\n<p style=\"text-align: center;\"><em id=\"Fase4\">FASE 4 \u2013 <\/em>DECRETO, NOTIFICA E GIURAMENTO<\/p>\n<p>Il decreto di conferimento della cittadinanza italiana verr\u00e0 notificato \u2013 tramite portale \u2013 con comunicazione indirizzata al richiedente. All\u2019atto della notifica verranno altres\u00ec richiesti documenti volti a verificare la permanenza del vincolo coniugale, con data successiva al decreto, quali, ad esempio (elenco non esaustivo):<\/p>\n<ul>\n<li>Atto integrale di matrimonio rilasciato dal competente Comune italiano (non l\u2019estratto) e corrispondente atto estero<\/li>\n<li>Certificato penale del Paese di attuale residenza, debitamente legalizzato e tradotto (vedi sezione \u201cDocumenti\u201d)<\/li>\n<\/ul>\n<p>Alla data di adozione del decreto, quindi, non deve essere intervenuto lo scioglimento del matrimonio o dell\u2019unione civile n\u00e9 la separazione personale (sentenza di separazione). Invece, il decesso del coniuge avvenuto dopo la presentazione della domanda di cittadinanza non comporta la decadenza del beneficio.<\/p>\n<p>Entro e non oltre sei mesi dalla notifica, l\u2019interessato verr\u00e0 convocato presso gli uffici consolari, per prestare giuramento di fedelt\u00e0 alla Repubblica e alle sue leggi. Il termine di sei mesi \u00e8 tassativo, decorso il quale si perder\u00e0 il diritto al conseguimento della cittadinanza.<\/p>\n<p>Il giorno del giuramento, \u00e8 previsto il pagamento in contanti della percezione consolare di 15 euro, pari a 29,35 BGN, ex art. 8 &#8211; <a href=\"https:\/\/ambsofia.esteri.it\/wp-content\/uploads\/2025\/01\/Tabella-diritti-consolari-10.01.2025.xlsx.pdf\" target=\"_blank\" rel=\"noopener\">tabella diritti consolari<\/a>.<\/p>\n<p>L\u2019atto integrale di matrimonio va richiesto al Comune italiano nei cui registri l\u2019atto risulta trascritto; il certificato penale si richiede alle Autorit\u00e0 competenti nel paese di residenza e dovr\u00e0 essere in regola con le disposizioni in materia di legalizzazione\/apostille e traduzione, come spiegato nella sezione \u201cDocumenti\u201d.<\/p>\n<p>La persona interessata prester\u00e0 giuramento di fedelt\u00e0 alla Repubblica italiana pronunciando le seguenti parole:<\/p>\n<p><em>\u201cGIURO DI ESSERE FEDELE ALLA REPUBBLICA E DI OSSERVARE LA <\/em><a href=\"https:\/\/www.cortecostituzionale.it\/documenti\/download\/pdf\/Costituzione_della_Repubblica_italiana.pdf\"><em>COSTITUZIONE<\/em><\/a><em> E LE LEGGI DELLO STATO\u201d<\/em><\/p>\n<p>L\u2019acquisto della cittadinanza italiana decorrer\u00e0 dal giorno successivo a quello del giuramento.<\/p>\n<p>Il certificato di nascita originale sar\u00e0 inviato per la trascrizione al Comune italiano di riferimento insieme alla richiesta di iscrizione all\u2019AIRE e al verbale dell\u2019avvenuto giuramento.<\/p>\n<p>&nbsp;<\/p>\n<ol start=\"5\">\n<li><strong id=\"Costi\">Costi<\/strong><\/li>\n<\/ol>\n<ul>\n<li>Percezione consolare di 15 euro, pari a 29,35 BGN, ex art. 8 &#8211; <a href=\"https:\/\/ambsofia.esteri.it\/wp-content\/uploads\/2025\/01\/Tabella-diritti-consolari-10.01.2025.xlsx.pdf\" target=\"_blank\" rel=\"noopener\">tabella diritti consolari<\/a> (da pagare in contanti il giorno del giuramento).<\/li>\n<li>Contributo di 250\u20ac a favore del Ministero dell\u2019Interno, da pagare esclusivamente tramite PagoPa durante la compilazione della domanda oppure tramite bonifico sul conto corrente indicato dal Ministero dell\u2019Interno (ricevuta da inserire nella domanda online) con eventuali spese a carico di chi dispone il bonifico:<\/li>\n<\/ul>\n<p>\u201cMinistero dell\u2019Interno D.L.C.I Cittadinanza\u201d<br \/>\nNome della Banca:\u00a0Poste Italiane S.p.A.<br \/>\nCodice IBAN:\u00a0IT54D0760103200000000809020<br \/>\nCausale del versamento:\u00a0Richiesta cittadinanza per matrimonio ex art. 5 L. 91\/1992 e nome e cognome del richiedente<br \/>\nCodice BIC\/SWIFT di Poste Italiane:\u00a0BPPIITRRXXX (per bonifici esteri)<\/p>\n<p>Codice BIC\/SWIFT: PIBPITRA (per operazioni del circuito EUROGIRO)<\/p>\n<ul>\n<li>Articoli della tabella consolare da applicare con relativi importi:<\/li>\n<li>Autentica di firma sull\u2019istanza: art. 24 \u2013 14,00 euro<\/li>\n<li>Legalizzazione firma del traduttore: art. 69 \u2013 24,00 euro<\/li>\n<li>Copia conforme del documento di identit\u00e0 in corso di validit\u00e0: art 71 \u2013 10,00 euro<\/li>\n<\/ul>\n<p>(Laddove il documento non sia in caratteri latini occorre anche la traduzione)<\/p>\n<ul>\n<li>Copia conforme della certificazione linguistica: art. 71 \u2013 10,00 euro<\/li>\n<li>Conformit\u00e0 della traduzione di atti di stato civile e certificati penali: art 72A \u2013 13,00 euro<\/li>\n<\/ul>\n<p>&nbsp;<\/p>\n<ol start=\"6\">\n<li><strong id=\"Contattielinkutili\">Contatti e link utili<\/strong><\/li>\n<\/ol>\n<p>Trova il tuo Consolato:<\/p>\n<p><a href=\"https:\/\/serviziconsolarionline.esteri.it\/ScoFE\/services\/consulate\/find-consulate.sco\">https:\/\/serviziconsolarionline.esteri.it\/ScoFE\/services\/consulate\/find-consulate.sco<\/a><\/p>\n<p>Invia la tua domanda al Ministero dell\u2019Interno:<\/p>\n<p><a href=\"https:\/\/portaleservizi.dlci.interno.it\/AliCittadinanza\/ali\/home.htm\">https:\/\/portaleservizi.dlci.interno.it\/AliCittadinanza\/ali\/home.htm<\/a><\/p>\n<p>Informazioni sul sito del Ministero degli Affari Esteri e della Cooperazione Internazionale:<\/p>\n<p><a href=\"https:\/\/www.esteri.it\/it\/servizi-consolari-e-visti\/italiani-all-estero\/cittadinanza\/cittadinanza-per-matrimonio-e-unione-civile\/\">https:\/\/www.esteri.it\/it\/servizi-consolari-e-visti\/italiani-all-estero\/cittadinanza\/cittadinanza-per-matrimonio-e-unione-civile\/<\/a><\/p>\n<p>Informativa sul trattamento dei dati personali e della privacy <a href=\"https:\/\/ambsofia.esteri.it\/wp-content\/uploads\/2023\/10\/informativa_cittadinanza__jure_sanguinis_e_naturalizzazione_.pdf\">https:\/\/ambsofia.esteri.it\/wp-content\/uploads\/2023\/10\/informativa_cittadinanza__jure_sanguinis_e_naturalizzazione_.pdf<\/a><\/p>\n<p>Per ulteriori informazioni scrivere all\u2019indirizzo <a href=\"mailto:ambsofia.consolare@esteri.it\">ambsofia.consolare@esteri.it<\/a><\/p>\n","protected":false},"excerpt":{"rendered":"Cenni normativi Requisiti Documenti Procedura Fase 1 registrazione e inserimento istanza Fase 2 verifica consolare Fase 3 valutazione e termini del procedimento Fase 4 decreto, notifica e giuramento Costi Contatti e link utili &nbsp; 1.Cenni normativi In conformit\u00e0 alla normativa in vigore, che richiede la conoscenza della lingua italiana, le informazioni relative alla cittadinanza per [&hellip;]","protected":false},"author":7,"featured_media":0,"parent":242,"menu_order":0,"comment_status":"closed","ping_status":"closed","template":"","meta":{"footnotes":""},"class_list":["post-915","page","type-page","status-publish","hentry"],"_links":{"self":[{"href":"https:\/\/ambsofia.esteri.it\/en\/wp-json\/wp\/v2\/pages\/915","targetHints":{"allow":["GET"]}}],"collection":[{"href":"https:\/\/ambsofia.esteri.it\/en\/wp-json\/wp\/v2\/pages"}],"about":[{"href":"https:\/\/ambsofia.esteri.it\/en\/wp-json\/wp\/v2\/types\/page"}],"author":[{"embeddable":true,"href":"https:\/\/ambsofia.esteri.it\/en\/wp-json\/wp\/v2\/users\/7"}],"replies":[{"embeddable":true,"href":"https:\/\/ambsofia.esteri.it\/en\/wp-json\/wp\/v2\/comments?post=915"}],"version-history":[{"count":6,"href":"https:\/\/ambsofia.esteri.it\/en\/wp-json\/wp\/v2\/pages\/915\/revisions"}],"predecessor-version":[{"id":12028,"href":"https:\/\/ambsofia.esteri.it\/en\/wp-json\/wp\/v2\/pages\/915\/revisions\/12028"}],"up":[{"embeddable":true,"href":"https:\/\/ambsofia.esteri.it\/en\/wp-json\/wp\/v2\/pages\/242"}],"wp:attachment":[{"href":"https:\/\/ambsofia.esteri.it\/en\/wp-json\/wp\/v2\/media?parent=915"}],"curies":[{"name":"wp","href":"https:\/\/api.w.org\/{rel}","templated":true}]}}