{"id":623,"date":"2023-10-26T12:24:29","date_gmt":"2023-10-26T09:24:29","guid":{"rendered":"https:\/\/ambsofia.esteri.it\/italia-e-bulgaria\/diplomazia-economica\/fare-affari-in-italia\/norme-e-incentivi\/"},"modified":"2024-04-15T11:02:29","modified_gmt":"2024-04-15T08:02:29","slug":"norme-e-incentivi","status":"publish","type":"page","link":"https:\/\/ambsofia.esteri.it\/en\/italia-e-bulgaria\/diplomazia-economica\/fare-affari-in-italia\/norme-e-incentivi\/","title":{"rendered":"Norme e incentivi"},"content":{"rendered":"<p class=\"boxLevel03\">Invitalia \u00e8 l&#8217;Agenzia nazionale per lo sviluppo, di propriet\u00e0 del Ministero dell&#8217;Economia. D\u00e0 impulso alla crescita economica del Paese, punta sui settori strategici per lo sviluppo e l&#8217;occupazione, \u00e8 impegnata nel rilancio delle aree di crisi e opera soprattutto nel Mezzogiorno.<\/p>\n<ul>\n<li>Gestisce tutti gli incentivi nazionali che favoriscono la nascita di nuove imprese e le startup innovative.<\/li>\n<li>Finanzia i progetti grandi e piccoli, rivolgendosi agli imprenditori con concreti piani di sviluppo, soprattutto nei settori innovativi e ad alto valore aggiunto.<\/li>\n<li>Offre servizi alla Pubblica Amministrazione per accelerare la spesa dei fondi comunitari e nazionali e per la valorizzazione dei beni culturali.<\/li>\n<li>\u00c8 Centrale di Committenza e Stazione Appaltante per la realizzazione di interventi strategici sul territorio.<\/li>\n<\/ul>\n<p><strong>Invitalia<\/strong>\u00a0&#8211; Agenzia nazionale per l&#8217;attrazione degli investimenti e lo sviluppo d&#8217;impresa SpA<br \/>\n00187 Roma<br \/>\nVia Calabria, 46<br \/>\nCentr: 06 421601<br \/>\n<strong><a href=\"http:\/\/www.invitalia.it\/\">www.invitalia.it<\/a>\u00a0<\/strong><br \/>\nPer maggiori informazioni sugli incentivi e la normativa, consultare il sito di Invitalia.<\/p>\n<p>&nbsp;<\/p>\n<p>Informazioni utili potete trovare anche nella brochure &#8220;<strong><a href=\"https:\/\/www.ice.it\/en\/sites\/default\/files\/inline-files\/doing_business_in_italy_2021_0.pdf\" target=\"_blank\" rel=\"noopener\">Doing business in Italy<\/a><\/strong>&#8220;, 2021 dell&#8217;Agenzia ICE.<\/p>\n<p><a class=\"focus--mouse\" href=\"https:\/\/www.esteri.it\/en\/diplomazia-economica-e-politica-commerciale\/diplomaziaeconomica\/l-attrazione-degli-investimenti\/l-italia-nei-ranking-internazionali\/#:~:text=Italy%20ranks%2058th%20(from%2051th,of%20the%20World%20Bank%2C%202020.\" target=\"_blank\" rel=\"noopener\" data-focus-mouse=\"true\">L\u2019Italia <strong>nei ranking internazionali<\/strong><\/a><\/p>\n<p>&nbsp;<\/p>\n","protected":false},"excerpt":{"rendered":"Invitalia \u00e8 l&#8217;Agenzia nazionale per lo sviluppo, di propriet\u00e0 del Ministero dell&#8217;Economia. D\u00e0 impulso alla crescita economica del Paese, punta sui settori strategici per lo sviluppo e l&#8217;occupazione, \u00e8 impegnata nel rilancio delle aree di crisi e opera soprattutto nel Mezzogiorno. Gestisce tutti gli incentivi nazionali che favoriscono la nascita di nuove imprese e le [&hellip;]","protected":false},"author":7,"featured_media":0,"parent":189,"menu_order":0,"comment_status":"closed","ping_status":"closed","template":"","meta":{"footnotes":""},"class_list":["post-623","page","type-page","status-publish","hentry"],"_links":{"self":[{"href":"https:\/\/ambsofia.esteri.it\/en\/wp-json\/wp\/v2\/pages\/623","targetHints":{"allow":["GET"]}}],"collection":[{"href":"https:\/\/ambsofia.esteri.it\/en\/wp-json\/wp\/v2\/pages"}],"about":[{"href":"https:\/\/ambsofia.esteri.it\/en\/wp-json\/wp\/v2\/types\/page"}],"author":[{"embeddable":true,"href":"https:\/\/ambsofia.esteri.it\/en\/wp-json\/wp\/v2\/users\/7"}],"replies":[{"embeddable":true,"href":"https:\/\/ambsofia.esteri.it\/en\/wp-json\/wp\/v2\/comments?post=623"}],"version-history":[{"count":4,"href":"https:\/\/ambsofia.esteri.it\/en\/wp-json\/wp\/v2\/pages\/623\/revisions"}],"predecessor-version":[{"id":8178,"href":"https:\/\/ambsofia.esteri.it\/en\/wp-json\/wp\/v2\/pages\/623\/revisions\/8178"}],"up":[{"embeddable":true,"href":"https:\/\/ambsofia.esteri.it\/en\/wp-json\/wp\/v2\/pages\/189"}],"wp:attachment":[{"href":"https:\/\/ambsofia.esteri.it\/en\/wp-json\/wp\/v2\/media?parent=623"}],"curies":[{"name":"wp","href":"https:\/\/api.w.org\/{rel}","templated":true}]}}