{"id":644,"date":"2023-10-26T12:28:59","date_gmt":"2023-10-26T09:28:59","guid":{"rendered":"https:\/\/ambsofia.esteri.it\/link-utili\/"},"modified":"2023-10-27T12:41:50","modified_gmt":"2023-10-27T09:41:50","slug":"link-utili","status":"publish","type":"page","link":"https:\/\/ambsofia.esteri.it\/bg\/italia-e-bulgaria\/diplomazia-economica\/fare-affari-in-italia\/link-utili\/","title":{"rendered":"\u041f\u043e\u043b\u0435\u0437\u043d\u0438 \u0432\u0440\u044a\u0437\u043a\u0438"},"content":{"rendered":"<ol>\n<li><a class=\"active\" title=\"\u041e\u0431\u043b\u0430\u0441\u0442\u0438\" href=\"#regioni\">\u041e\u0431\u043b\u0430\u0441\u0442\u0438<\/a><\/li>\n<li><a href=\"#un_cam\">UNIONCAMERE<\/a><\/li>\n<li><a href=\"#ice\">ICE<\/a><\/li>\n<li><a href=\"#asso_cam\">ASSOCAMERE ESTERO<\/a><\/li>\n<li><a href=\"#conf\">CONFINDUSTRIA<\/a><\/li>\n<li><a href=\"#altro\">ALTRE ASSOCIAZIONI DI CATEGORIA<\/a><\/li>\n<li><a href=\"#link\">\u041f\u043e\u043b\u0435\u0437\u043d\u0438 \u0432\u0440\u044a\u0437\u043a\u0438<\/a><\/li>\n<\/ol>\n<p>&nbsp;<\/p>\n<p><strong><a id=\"regioni\"><\/a>\u041e\u0431\u043b\u0430\u0441\u0442\u0438<\/strong><\/p>\n<div>\n<ul>\n<li class=\"boxLevel03\">\u00a0<a href=\"http:\/\/www.regione.abruzzo.it\/\"><strong>Abruzzo<\/strong><\/a><\/li>\n<li class=\"boxLevel03\">\u00a0<a href=\"http:\/\/www.regione.basilicata.it\/\"><strong>Basilicata<\/strong><\/a><\/li>\n<li class=\"boxLevel03\">\u00a0<a href=\"http:\/\/www.regione.calabria.it\/\"><strong>Calabria<\/strong><\/a><\/li>\n<li class=\"boxLevel03\">\u00a0<a href=\"http:\/\/www.regione.campania.it\/\"><strong>Campania<\/strong><\/a><\/li>\n<li class=\"boxLevel03\">\u00a0<a href=\"http:\/\/www.regione.emilia-romagna.it\/\"><strong>Emilia Romagna<\/strong><\/a><\/li>\n<li class=\"boxLevel03\">\u00a0<a href=\"http:\/\/www.regionefvg.it\/\"><strong>Friuli Venezia Giulia<\/strong><\/a><\/li>\n<li class=\"boxLevel03\">\u00a0<a href=\"http:\/\/www.regione.lazio.it\/\"><strong>Lazio<\/strong><\/a><\/li>\n<li class=\"boxLevel03\">\u00a0<a href=\"http:\/\/www.regione.liguria.it\/\"><strong>Liguria<\/strong><\/a><\/li>\n<li class=\"boxLevel03\">\u00a0<a href=\"http:\/\/www.regione.lombardia.it\/\"><strong>Lombardia<\/strong><\/a><\/li>\n<li class=\"boxLevel03\">\u00a0<a href=\"http:\/\/www.regione.marche.it\/\"><strong>Marche<\/strong><\/a><\/li>\n<li class=\"boxLevel03\">\u00a0<a href=\"http:\/\/www.regione.molise.it\/\"><strong>Molise<\/strong><\/a><\/li>\n<li class=\"boxLevel03\">\u00a0<a href=\"http:\/\/www.regione.piemonte.it\/\"><strong>Piemonte<\/strong><\/a><\/li>\n<li class=\"boxLevel03\">\u00a0<a href=\"http:\/\/www.regione.puglia.it\/\"><strong>Puglia<\/strong><\/a><\/li>\n<li class=\"boxLevel03\">\u00a0<a href=\"http:\/\/www.regione.sardegna.it\/\"><strong>Sardegna<\/strong><\/a><\/li>\n<li class=\"boxLevel03\">\u00a0<a href=\"http:\/\/www.regione.sicilia.it\/\"><strong>Sicilia<\/strong><\/a><\/li>\n<li class=\"boxLevel03\">\u00a0<a href=\"http:\/\/www.regione.toscana.it\/\"><strong>Toscana<\/strong><\/a><\/li>\n<li class=\"boxLevel03\">\u00a0<a href=\"http:\/\/www.regione.taa.it\/\"><strong>Trentino Alto Adige<\/strong><\/a><\/li>\n<li class=\"boxLevel03\">\u00a0<a href=\"http:\/\/www.regione.umbria.it\/\"><strong>Umbria<\/strong><\/a><\/li>\n<li class=\"boxLevel03\">\u00a0<a href=\"http:\/\/www.regione.vda.it\/\"><strong>Valle d&#8217;Aosta<\/strong><\/a><\/li>\n<li class=\"boxLevel03\"><a href=\"http:\/\/www.regione.veneto.it\/\"><strong>Veneto<\/strong><\/a><\/li>\n<\/ul>\n<\/div>\n<p>&nbsp;<\/p>\n<p><strong><a id=\"un_cam\"><\/a>UNIONCAMERE &#8211; <\/strong><strong>Unione italiana delle Camere di Commercio Industria e Artigianato<\/strong><\/p>\n<p>L&#8217;Unione cura e rappresenta gli interessi generali delle Camere di Commercio, punto di riferimento per i settori produttivi, sia a livello locale sia nazionale ed internazionale. Inoltre:<\/p>\n<p>\u2022\u00a0promuove, realizza e gestisce, direttamente o per il tramite di proprie aziende speciali, servizi e attivit\u00e0 d&#8217;interesse delle Camere di commercio e delle categorie economiche;<\/p>\n<p>\u2022\u00a0punta a consolidare e sviluppare la collaborazione con la rete delle CCIE;<\/p>\n<p>\u2022\u00a0facilita l&#8217;accesso, con tecnologie all&#8217;avanguardia, a iniziative e programmi comunitari, favorendo accordi internazionali per promuovere l&#8217;Italia nel mondo.<\/p>\n<p>Piazza Sallustio 21 &#8211; 00187 Roma<br \/>\nTel.: 06.47041<br \/>\nFax: 06.4704240<br \/>\nPEC:\u00a0<a href=\"mailto:unioncamere@cert.legalmail.it\">unioncamere@cert.legalmail.it<\/a><br \/>\n<a href=\"http:\/\/www.unioncamere.gov.it\/\">www.unioncamere.gov.it<\/a><\/p>\n<p>&nbsp;<\/p>\n<p><strong><a id=\"ice\"><\/a>ICE\u00a0<\/strong><\/p>\n<p>ICE, the Foreign Trade Institute, is the public body responsible for developing, facilitating and promoting Italian foreign economic and trade relations, with particular care for the needs of individual small and medium enterprises, and consortiums and groups of them.<\/p>\n<p>The ICE network throughout the world ensures the Institute&#8217;s presence in 80 countries through the activities of 81 offices and 23 correspondence points, which are operative outposts located in remote areas of strategic interest.<\/p>\n<p>ICE unit activities abroad are aimed at offering assistance\/consulting services, developing promotional efforts on behalf of individual firms and of System Italy and producing information on the particular Country, trade opportunities and international tenders.<\/p>\n<p>Sito web: <a href=\"http:\/\/www.ice.gov.it\/\">http:\/\/www.ice.gov.it\/<\/a><\/p>\n<p>&nbsp;<\/p>\n<p><strong><a id=\"asso_cam\"><\/a>ASSOCAMERESTERO<\/strong><br \/>\nASSOCAMERESTERO is the association of the Italian Chambers of Commerce Abroad, established to evaluate and develop the Chambers activities, through increasing the level of interest and awareness on the network and its features among Italian and International institutions and business organizations. The Association:<\/p>\n<p>&#8211; represents the Chambers\u2019 requirements and their service potentiality.<\/p>\n<p>&#8211; seeks co-operation and strategic alliance with public and private entities in order to foster knowledge and use of the Chambers network.<\/p>\n<p>&#8211; synthesizes experiences and know-how acquired by each Chamber of the network.<\/p>\n<p>&#8211; promotes and circulates network programs and projects.<\/p>\n<p>&#8211; promotes and circulates updated information.<\/p>\n<p>&#8211; carries out communication actions towards Italian media, institutions and companies.<\/p>\n<p>&#8211; promotes and delivers managerial training courses.<\/p>\n<p>&#8211; assists and supports the establishment of new Italian Chambers of Commerce abroad.<\/p>\n<p>&#8211; carries out networking activities with other Bi-National European Chambers systems.<\/p>\n<p>00187 Roma<br \/>\nVia Sardegna, 17<br \/>\nTel.: +39 06 44231314<br \/>\nPec\u00a0<a href=\"mailto:info.assocamerestero@legalmail.it\">info.assocamerestero@legalmail.it<\/a><br \/>\n<a href=\"mailto:info@assocamerestero.it\">info@assocamerestero.it<\/a><br \/>\n<a href=\"http:\/\/www.assocamerestero.it\/\">www.assocamerestero.it<\/a><\/p>\n<p>&nbsp;<\/p>\n<p><strong><a id=\"conf\"><\/a>CONFINDUSTRIA<\/strong><\/p>\n<p>Founded in 1910, Confindustria is the leading organisation representing the manufacturing and service industries in Italy.<\/p>\n<p>It groups together more than 115,000 voluntary member companies of all sizes, for a total of nearly 4,300,000 players.<\/p>\n<p>As set forth in its by-laws, Confindustria aims to contribute to the country&#8217;s economic growth and social progress, together with the political institutions and the economic, social and cultural organisations, both national and international.<\/p>\n<p>00144 Roma<\/p>\n<p>Viale dell&#8217;Astronomia<br \/>\n<a href=\"https:\/\/www.confindustria.it\/\">https:\/\/www.confindustria.it<\/a><\/p>\n<p>&nbsp;<\/p>\n<p><strong><a id=\"altro\"><\/a>ALTRE ASSOCAZIONI DI CATEGORIA\u00a0<\/strong><\/p>\n<p><strong>CONFAPI<\/strong><br \/>\nConfederazione Italiana della Piccola e Media Industria<\/p>\n<p>La Confapi \u00e8 cresciuta accanto alla piccola impresa italiana ed \u00e8 oggi una realt\u00e0 consolidata che rappresenta\u00a0oltre 50mila aziende con circa un milione di addetti.<\/p>\n<p>Finalit\u00e0 istituzionali della Confapi sono la difesa degli interessi e la valorizzazione dell&#8217;industria italiana di piccola e media dimensione. Le iniziative e i programmi sono svolti con l&#8217;obiettivo di favorire lo sviluppo economico e civile del Paese, in collegamento con le organizzazioni ed istituzioni nazionali ed europee.<\/p>\n<p>La Confederazione svolge il proprio ruolo di rappresentanza e di proposta a favore della piccola e media industria, sostenendo una politica economica nazionale, che faciliti la crescita imprenditoriale.<\/p>\n<p>00186 Roma<br \/>\nVia della Colonna Antonina 52<br \/>\nTel. 06 690151<br \/>\nEmail:\u00a0<a href=\"mailto:info@confapi.org\">info@confapi.org<\/a><\/p>\n<p>Sito web: <a href=\"http:\/\/www.confapi.it\/\">http:\/\/www.confapi.it\/<\/a><\/p>\n<p><strong>FORMEZ<\/strong><br \/>\nCentro di Formazione e Studi<\/p>\n<p>Sito Web: <a href=\"https:\/\/www.formez.it\/\">https:\/\/www.formez.it\/<\/a><\/p>\n<p><strong>INFORMEST<\/strong><br \/>\nCentro di Servizi e Documentazione per la Cooperazione Economica Internazionale<\/p>\n<p>Sito Web: <a href=\"http:\/\/www.confapi.it\/\">http:\/\/www.confapi.it\/<\/a><\/p>\n<p><strong>SACE<\/strong><br \/>\nServizi Assicurativi del Commercio Estero<\/p>\n<p>Sito Web:\u00a0<a href=\"http:\/\/www.sace.it\/\">http:\/\/www.sace.it\/<\/a><\/p>\n<p><strong>SIMEST<\/strong><br \/>\nFinanziaria di sviluppo e promozione delle imprese italiane all&#8217;estero<\/p>\n<p>Sito Web: <a href=\"http:\/\/www.simest.it\/\">http:\/\/www.simest.it\/<\/a><\/p>\n<p>&nbsp;<\/p>\n<p><strong><a id=\"link\"><\/a>\u041f\u043e\u043b\u0435\u0437\u043d\u0438 \u0432\u0440\u044a\u0437\u043a\u0438\u00a0<\/strong><\/p>\n<p>FEDERALIMENTARE<br \/>\nRappresenta, tutela e promuove l\u2019Industria italiana degli Alimenti e delle Bevande. A Federalimentare aderiscono le Associazioni nazionali di categoria dell\u2019Industria Alimentare, che associano quasi 7.000 imprese produttive.<br \/>\n00144 ROMA<br \/>\nViale Pasteur, 10<br \/>\nTel. +39 06 5903534<br \/>\nFax: +39 06 5903342<br \/>\nEmail:\u00a0<a href=\"mailto:segreteria@federalimentare.it\">segreteria@federalimentare.it<\/a><br \/>\n<a href=\"http:\/\/www.federalimentare.it\/\">http:\/\/www.federalimentare.it\/<\/a><\/p>\n<p>&nbsp;<\/p>\n<p>FEDERVINI<br \/>\nLa Federazione Italiana Industriali Produttori, Esportatori ed Importatori di Vini, Vini Spumanti, Aperitivi, Acquaviti, Liquori, Sciroppi, Aceti ed Affini<br \/>\nVia Mentana 2\/B, 00185 Roma<br \/>\nTel: 06.49.41.630, 06.44.69.421, 06.49.41.566<br \/>\nEmail:\u00a0<a href=\"mailto:redazione@federvini.it\">redazione@federvini.it<\/a><br \/>\n<a href=\"http:\/\/www.federvini.it\/\">www.federvini.it<\/a><\/p>\n<p>&nbsp;<\/p>\n<p>CONFINDUSTRIA MODA<br \/>\nLa Federazione riunisce le imprese e le associazioni del settore tessile moda e dell\u2019accessorio.<br \/>\n20145 Milano<br \/>\nvia Alberto Riva Villasanta 3<br \/>\nTel: 02 3824 6693<br \/>\nEmail:\u00a0<a href=\"mailto:confindustriamoda@confindustriamoda.it\">confindustriamoda@confindustriamoda.it<\/a><br \/>\n<a href=\"http:\/\/www.confindustriamoda.it\/\">www.confindustriamoda.it<\/a><\/p>\n<p>&nbsp;<\/p>\n<p>FEDERCHIMICA &#8211; Federazione nazionale dell\u2019industria chimica<br \/>\nAttualmente aderiscono a Federchimica 1.400 imprese, raggruppate in 17 Associazioni di settore<br \/>\n20149 Milano<br \/>\nVia Giovanni da Procida, 11<br \/>\nTel: 02.34565.1<br \/>\nFax: 02.34565.310<br \/>\nEmail:\u00a0<a href=\"mailto:federchimica@federchimica.it\">federchimica@federchimica.it<\/a><br \/>\n<a href=\"http:\/\/www.federchimica.it\/\">www.federchimica.it<\/a><\/p>\n<p>&nbsp;<\/p>\n<p>FEDERLEGNO ARREDO<br \/>\nForo Buonaparte 65<br \/>\n20121 &#8211; Milano<br \/>\nTel. 02 806041<br \/>\nFax: 02 80604392<br \/>\nEmail:\u00a0<a href=\"mailto:web@federlegnoarredo.it\">web@federlegnoarredo.it<\/a><br \/>\n<a href=\"http:\/\/www.federlegnoarredo.it\/\">www.federlegnoarredo.it<\/a><\/p>\n<p>&nbsp;<\/p>\n<p>FEDERALBERGHI &#8211; Federazione delle Associazioni Italiane Alberghi e Turismo<br \/>\nvia Toscana, 1 &#8211; 00187 Roma<br \/>\nTel. 06 42034610<br \/>\nFax: 06 42034690<br \/>\nEmail:\u00a0<a href=\"mailto:info@federalberghi.it\">info@federalberghi.it<\/a><br \/>\n<a href=\"http:\/\/www.federalberghi.it\/\">www.federalberghi.it<\/a><\/p>\n<p>&nbsp;<\/p>\n<p>ANIMA<br \/>\nFederazione delle Associazioni Nazionali dell&#8217;Industria Meccanica Varia ed Affine<br \/>\n20161 Milano<br \/>\nVia Scarsellini, 11<br \/>\nTel. 02 45418500<br \/>\nFax: 02 45418545<br \/>\nEmail &#8211;\u00a0<a href=\"mailto:anima@anima.it\">anima@anima.it<\/a><br \/>\n<a href=\"http:\/\/www.anima.it\/\">www.anima.it<\/a><\/p>\n<p>&nbsp;<\/p>\n<p>FEDERUNACOMA<br \/>\nFederazione Nazionale Costruttori Macchine per l\u2019Agricoltura e il Giardinaggio e relativa Componentistica<br \/>\n00159 Roma<br \/>\nVia Venafro, 5<br \/>\nTel: 06 432981<br \/>\nFax: 06 4076370<br \/>\nE-mail:\u00a0<a href=\"mailto:info@federunacoma.it\">info@federunacoma.it<\/a><br \/>\n<a href=\"http:\/\/www.federunacoma.it\/\">www.federunacoma.it<\/a><\/p>\n<p>&nbsp;<\/p>\n<p>CONFCOMMERCIO &#8211; Imprese per l&#8217;Italia<br \/>\nConfederazione Generale Italiana delle Imprese, delle Attivit\u00e0 Professionali e del Lavoro Autonomo, \u00e8 la pi\u00f9 grande rappresentanza d&#8217;impresa in Italia, associando oltre 700.000 imprese.<br \/>\n00153 Roma<br \/>\nPiazza G. G. Belli, 2 &#8211;<br \/>\nTel. 06.58.661<br \/>\nFax: 06.58.09.425<br \/>\nEmail:\u00a0<a href=\"mailto:confcommercio@confcommercio.it\">confcommercio@confcommercio.it<\/a><br \/>\n<a href=\"http:\/\/www.confcommercio.it\/\">www.confcommercio.it<\/a><\/p>\n<p>&nbsp;<\/p>\n<p>INFORMEST<br \/>\nNasce nel 1991, nel clima di rinnovamento e apertura verso Est degli anni che seguono la caduta del muro di Berlino. Nasce come struttura pubblica, con l\u2019obiettivo di promuovere lo sviluppo economico e i processi d\u2019internazionalizzazione. Informest ha poi consolidato la sua posizione di eccellenza diventando una delle quattro agenzie italiane per la cooperazione nell\u2019area del Sud Est Europa (L. 84\/01); ha realizzato progetti fortemente voluti dalle strategie di cooperazione delle Regioni associate, dal Ministero Affari Esteri e dal Ministero dello Sviluppo Economico.<br \/>\nAssociati di Informest:<br \/>\nRegione Autonoma Friuli Venezia Giulia;<br \/>\nCamera di Commercio Venezia Giulia;<br \/>\nComune di Gorizia;<br \/>\nComune di Tarvisio;<br \/>\nComunit\u00e0 Collinare del Friuli.<br \/>\n34170 Gorizia<br \/>\nVia Cadorna, 36<br \/>\nTel. +39 0481 597411<br \/>\nFax +39 0481 537204<br \/>\nEmail: informest@informest.it; informest@pec.informest.it<br \/>\nhttp:\/\/www.informest.it\/<\/p>\n","protected":false},"excerpt":{"rendered":"\u041e\u0431\u043b\u0430\u0441\u0442\u0438 UNIONCAMERE ICE ASSOCAMERE ESTERO CONFINDUSTRIA ALTRE ASSOCIAZIONI DI CATEGORIA \u041f\u043e\u043b\u0435\u0437\u043d\u0438 \u0432\u0440\u044a\u0437\u043a\u0438 &nbsp; \u041e\u0431\u043b\u0430\u0441\u0442\u0438 \u00a0Abruzzo \u00a0Basilicata \u00a0Calabria \u00a0Campania \u00a0Emilia Romagna \u00a0Friuli Venezia Giulia \u00a0Lazio \u00a0Liguria \u00a0Lombardia \u00a0Marche \u00a0Molise \u00a0Piemonte \u00a0Puglia \u00a0Sardegna \u00a0Sicilia \u00a0Toscana \u00a0Trentino Alto Adige \u00a0Umbria \u00a0Valle d&#8217;Aosta Veneto &nbsp; UNIONCAMERE &#8211; Unione italiana delle Camere di Commercio Industria e Artigianato L&#8217;Unione cura e [&hellip;]","protected":false},"author":7,"featured_media":0,"parent":188,"menu_order":4,"comment_status":"closed","ping_status":"closed","template":"","meta":{"footnotes":""},"class_list":["post-644","page","type-page","status-publish","hentry"],"_links":{"self":[{"href":"https:\/\/ambsofia.esteri.it\/bg\/wp-json\/wp\/v2\/pages\/644","targetHints":{"allow":["GET"]}}],"collection":[{"href":"https:\/\/ambsofia.esteri.it\/bg\/wp-json\/wp\/v2\/pages"}],"about":[{"href":"https:\/\/ambsofia.esteri.it\/bg\/wp-json\/wp\/v2\/types\/page"}],"author":[{"embeddable":true,"href":"https:\/\/ambsofia.esteri.it\/bg\/wp-json\/wp\/v2\/users\/7"}],"replies":[{"embeddable":true,"href":"https:\/\/ambsofia.esteri.it\/bg\/wp-json\/wp\/v2\/comments?post=644"}],"version-history":[{"count":6,"href":"https:\/\/ambsofia.esteri.it\/bg\/wp-json\/wp\/v2\/pages\/644\/revisions"}],"predecessor-version":[{"id":809,"href":"https:\/\/ambsofia.esteri.it\/bg\/wp-json\/wp\/v2\/pages\/644\/revisions\/809"}],"up":[{"embeddable":true,"href":"https:\/\/ambsofia.esteri.it\/bg\/wp-json\/wp\/v2\/pages\/188"}],"wp:attachment":[{"href":"https:\/\/ambsofia.esteri.it\/bg\/wp-json\/wp\/v2\/media?parent=644"}],"curies":[{"name":"wp","href":"https:\/\/api.w.org\/{rel}","templated":true}]}}